{"id":13571,"date":"2022-09-30T16:49:51","date_gmt":"2022-09-30T14:49:51","guid":{"rendered":"https:\/\/www.woertherseeschifffahrt.at\/?page_id=13571"},"modified":"2022-09-30T16:49:52","modified_gmt":"2022-09-30T14:49:52","slug":"advent-boat-trip-2","status":"publish","type":"page","link":"https:\/\/backup.woertherseeschifffahrt.at\/en\/timetable\/advent-boat-trip-2\/","title":{"rendered":"Advent Boat Trip"},"content":{"rendered":"\n<h3 class=\"has-text-align-center\">Ahoi am W\u00f6rthersee &#8211; der Karibik der Alpen!<\/h3>\n\n\n\n<p><\/p>\n\n\n\n<p class=\"has-text-align-center is-style-width65 has-medium-font-size\">Unsere Linienschiffe bringen Sie bequem an Ihre Lieblingsorte am W\u00f6rthersee.<\/p>\n\n\n\n<div class=\"wp-block-image\"><figure class=\"aligncenter size-large\"><img decoding=\"async\" loading=\"lazy\" width=\"1024\" height=\"313\" src=\"https:\/\/www.woertherseeschifffahrt.at\/wp-content\/uploads\/2022\/09\/Adventschiff-Karte-2022-1024x313.png\" alt=\"\" class=\"wp-image-13568\" srcset=\"https:\/\/backup.woertherseeschifffahrt.at\/wp-content\/uploads\/2022\/09\/Adventschiff-Karte-2022-1024x313.png 1024w, https:\/\/backup.woertherseeschifffahrt.at\/wp-content\/uploads\/2022\/09\/Adventschiff-Karte-2022-300x92.png 300w, https:\/\/backup.woertherseeschifffahrt.at\/wp-content\/uploads\/2022\/09\/Adventschiff-Karte-2022-768x235.png 768w, https:\/\/backup.woertherseeschifffahrt.at\/wp-content\/uploads\/2022\/09\/Adventschiff-Karte-2022-1920x588.png 1920w, https:\/\/backup.woertherseeschifffahrt.at\/wp-content\/uploads\/2022\/09\/Adventschiff-Karte-2022-1536x470.png 1536w, https:\/\/backup.woertherseeschifffahrt.at\/wp-content\/uploads\/2022\/09\/Adventschiff-Karte-2022-2048x627.png 2048w, https:\/\/backup.woertherseeschifffahrt.at\/wp-content\/uploads\/2022\/09\/Adventschiff-Karte-2022-640x196.png 640w, https:\/\/backup.woertherseeschifffahrt.at\/wp-content\/uploads\/2022\/09\/Adventschiff-Karte-2022-1200x367.png 1200w\" sizes=\"(max-width: 639px) 98vw, (max-width: 1199px) 64vw, 770px\" \/><\/figure><\/div>\n\n\n\n<h3 class=\"has-text-align-center\">FAHRPLAN Advent<\/h3>\n\n\n\n<div class=\"is-horizontal is-content-justification-center is-layout-flex wp-container-1 wp-block-buttons\">\n<div class=\"wp-block-button\"><a class=\"wp-block-button__link\" href=\"https:\/\/www.woertherseeschifffahrt.at\/wp-content\/uploads\/2022\/09\/WSG22_ADVENT_Fahrplan_Folder_DE_100x210_DRUCK_ANSICHT_220923.pdf\">Download Advent Linienschifffahrt 2022<\/a><\/div>\n<\/div>\n\n\n\n<div class=\"is-layout-flex wp-block-buttons\"><\/div>\n\n\n\n<div class=\"wp-block-image\"><figure class=\"aligncenter size-large\"><img decoding=\"async\" loading=\"lazy\" width=\"1024\" height=\"662\" src=\"https:\/\/www.woertherseeschifffahrt.at\/wp-content\/uploads\/2022\/09\/Adventfahrplan-2022-1024x662.png\" alt=\"\" class=\"wp-image-13565\" srcset=\"https:\/\/backup.woertherseeschifffahrt.at\/wp-content\/uploads\/2022\/09\/Adventfahrplan-2022-1024x662.png 1024w, https:\/\/backup.woertherseeschifffahrt.at\/wp-content\/uploads\/2022\/09\/Adventfahrplan-2022-300x194.png 300w, https:\/\/backup.woertherseeschifffahrt.at\/wp-content\/uploads\/2022\/09\/Adventfahrplan-2022-768x497.png 768w, https:\/\/backup.woertherseeschifffahrt.at\/wp-content\/uploads\/2022\/09\/Adventfahrplan-2022-1671x1080.png 1671w, https:\/\/backup.woertherseeschifffahrt.at\/wp-content\/uploads\/2022\/09\/Adventfahrplan-2022-1536x993.png 1536w, https:\/\/backup.woertherseeschifffahrt.at\/wp-content\/uploads\/2022\/09\/Adventfahrplan-2022-2048x1324.png 2048w, https:\/\/backup.woertherseeschifffahrt.at\/wp-content\/uploads\/2022\/09\/Adventfahrplan-2022-640x414.png 640w, https:\/\/backup.woertherseeschifffahrt.at\/wp-content\/uploads\/2022\/09\/Adventfahrplan-2022-1200x776.png 1200w, https:\/\/backup.woertherseeschifffahrt.at\/wp-content\/uploads\/2022\/09\/Adventfahrplan-2022-1920x1241.png 1920w\" sizes=\"(max-width: 639px) 98vw, (max-width: 1199px) 64vw, 770px\" \/><\/figure><\/div>\n\n\n\n<div style=\"height:25px\" aria-hidden=\"true\" class=\"wp-block-spacer\"><\/div>\n\n\n\n<h3 class=\"has-text-align-center\">PREISE <\/h3>\n\n\n\n<p class=\"has-text-align-center has-primary-color has-text-color has-medium-font-size\">F\u00fcr jeden Gast das richtige Ticket<\/p>\n\n\n\n<p class=\"has-text-align-center is-style-width65\">Hier finden Sie die Preise der W\u00f6rthersee Schifffahrt f\u00fcr den Advent 2022.<br>Angefangen von GANZTAGESTICKET bis hin zum GRUPPENTICKET:<\/p>\n\n\n\n<div style=\"height:25px\" aria-hidden=\"true\" class=\"wp-block-spacer\"><\/div>\n\n\n\n<hr class=\"wp-block-separator\"\/>\n\n\n\n<div style=\"height:25px\" aria-hidden=\"true\" class=\"wp-block-spacer\"><\/div>\n\n\n\n<h3 class=\"has-text-align-center\">Ticketpreise Advent 2022<\/h3>\n\n\n\n<div style=\"height:25px\" aria-hidden=\"true\" class=\"wp-block-spacer\"><\/div>\n\n\n\n<p class=\"has-text-align-center has-primary-color has-text-color\" style=\"font-size:25px\">Ganztagesticket <br>(HOP-ON\/HOP-OFF)<\/p>\n\n\n\n<p class=\"has-text-align-center is-style-width65\">Erleben Sie den W\u00f6rthersee einen ganzen Tag lang auf unseren Linienschiffen. <br>Unterbrechen Sie die Fahrt so oft Sie m\u00f6chten und planen Sie so Ihre individuelle W\u00f6rthersee-Tagestour.<\/p>\n\n\n\n<div style=\"height:20px\" aria-hidden=\"true\" class=\"wp-block-spacer\"><\/div>\n\n\n\n<figure class=\"wp-block-table is-style-width65 is-style-regular\"><table class=\"has-fixed-layout\"><tbody><tr><td>Erwachsene<\/td><td>\u20ac 19,00<\/td><\/tr><tr><td>Kinder (Jg. 2007 bis 2015) &#8211; ab 2016 GRATIS<\/td><td>\u20ac 9,00<\/td><\/tr><tr><td>Hunde aller Gr\u00f6\u00dfen ausschlie\u00dflich mit Leine und Maulkorb oder Transporttasche<\/td><td>\u20ac 3,00<\/td><\/tr><\/tbody><\/table><\/figure>\n\n\n\n<div style=\"height:25px\" aria-hidden=\"true\" class=\"wp-block-spacer\"><\/div>\n\n\n\n<hr class=\"wp-block-separator\"\/>\n\n\n\n<div style=\"height:25px\" aria-hidden=\"true\" class=\"wp-block-spacer\"><\/div>\n\n\n\n<p class=\"has-text-align-center is-style-width65 has-primary-color has-text-color\" style=\"font-size:25px\">1-Stationen-Ticket<\/p>\n\n\n\n<p class=\"has-text-align-center is-style-width65\">F\u00fcr maximal 1 Station!<\/p>\n\n\n\n<figure class=\"wp-block-table is-style-width65 is-style-regular\"><table class=\"has-fixed-layout\"><tbody><tr><td>Erwachsene<\/td><td>\u20ac 11,00<\/td><\/tr><tr><td>Kinder (Jg. 2007 bis 2015) &#8211; ab 2016 GRATIS<\/td><td>\u20ac 5,50<\/td><\/tr><tr><td>Hunde aller Gr\u00f6\u00dfen ausschlie\u00dflich mit Leine und Maulkorb oder Transporttasche<\/td><td>\u20ac 1,50<\/td><\/tr><\/tbody><\/table><\/figure>\n\n\n<p><!--StartFragment--><\/p>\n\n\n<div style=\"height:25px\" aria-hidden=\"true\" class=\"wp-block-spacer\"><\/div>\n\n\n\n<hr class=\"wp-block-separator\"\/>\n\n\n\n<div style=\"height:25px\" aria-hidden=\"true\" class=\"wp-block-spacer\"><\/div>\n\n\n\n<p class=\"has-text-align-center is-style-width65 has-primary-color has-text-color\" style=\"font-size:25px\">Gruppen-Ganztagesticket<br> (HOP-ON\/HOP-OFF) <\/p>\n\n\n\n<p class=\"has-text-align-center is-style-width65\"> Erleben Sie den W\u00f6rthersee einen ganzen Tag lang auf unseren Linienschiffen. <br>Gruppenpreise g\u00fcltig f\u00fcr Gruppen ab 20 Personen, jede 21. Person frei. Reservierung erforderlich!<\/p>\n\n\n\n<figure class=\"wp-block-table is-style-width65 is-style-regular\"><table class=\"has-fixed-layout\"><tbody><tr><td>Erwachsene<\/td><td>\u20ac 17,00<\/td><\/tr><tr><td>Kinder (Jg. 2007 bis 2015) &#8211; ab 2016 GRATIS <\/td><td>\u20ac 7,00<\/td><\/tr><\/tbody><\/table><\/figure>\n\n\n<p><!--EndFragment--><\/p>\n\n\n<hr class=\"wp-block-separator\"\/>\n\n\n<p><!--StartFragment--><\/p>\n\n\n<p class=\"has-text-align-center is-style-width65 has-primary-color has-text-color\" style=\"font-size:25px\">Gruppen-Mehrstationenticket <\/p>\n\n\n\n<p class=\"has-text-align-center is-style-width65\">F\u00fcr maximal 4 Stationen! Bei Schiffswechsel wird ein Tagesticket ben\u00f6tigt.<br> Gruppenpreise g\u00fcltig f\u00fcr Gruppen ab 20 Personen, jede 21. Person frei. Reservierung erforderlich!<\/p>\n\n\n\n<figure class=\"wp-block-table is-style-width65 is-style-regular\"><table class=\"has-fixed-layout\"><tbody><tr><td>Erwachsene<\/td><td>\u20ac 13,00<\/td><\/tr><tr><td>Kinder (Jg. 2007 bis 2015) &#8211; ab 2016 GRATIS<\/td><td>\u20ac 6,00<\/td><\/tr><\/tbody><\/table><\/figure>\n\n\n\n<hr class=\"wp-block-separator\"\/>\n\n\n\n<p class=\"has-text-align-center is-style-width65 has-primary-color has-text-color\" style=\"font-size:25px\">Gruppen-1-Stationen Ticket<\/p>\n\n\n\n<p class=\"has-text-align-center is-style-width65\">F\u00fcr maximal 1 Station!<br> Gruppenpreise g\u00fcltig f\u00fcr Gruppen ab 20 Personen, jede 21. Person frei. Reservierung erforderlich!<\/p>\n\n\n\n<figure class=\"wp-block-table is-style-width65 is-style-regular\"><table class=\"has-fixed-layout\"><tbody><tr><td>Erwachsene<\/td><td>\u20ac 9,00<\/td><\/tr><tr><td>Kinder (Jg. 2007 bis 2015) &#8211; ab 2016 GRATIS<\/td><td>\u20ac 6,00<\/td><\/tr><\/tbody><\/table><\/figure>\n\n\n\n<hr class=\"wp-block-separator\"\/>\n\n\n\n<p><\/p>\n\n\n\n<div style=\"height:75px\" aria-hidden=\"true\" class=\"wp-block-spacer\"><\/div>\n\n\n<p><!--StartFragment--><\/p>\n<p><!--EndFragment--><\/p>\n<p><!--StartFragment--><\/p>\n\n\n<h3 class=\"has-text-align-center\">Zauberhafter Advent<\/h3>\n\n\n\n<p class=\"has-text-align-center is-style-width65 has-normal-font-size\">Details und Termine zum &#8220;Zauberhafter Advent&#8221; finden Sie bei unseren &#8220;Themenfahrten&#8221;<br><\/p>\n\n\n\n<div class=\"is-layout-flex wp-block-buttons\"><\/div>\n\n\n\n<div class=\"is-horizontal is-content-justification-center is-layout-flex wp-container-4 wp-block-buttons\">\n<div class=\"wp-block-button\"><a class=\"wp-block-button__link\" href=\"https:\/\/www.woertherseeschifffahrt.at\/en\/events\/\">Themenfahrten<\/a><\/div>\n<\/div>\n\n\n\n<div style=\"height:50px\" aria-hidden=\"true\" class=\"wp-block-spacer\"><\/div>\n\n\n\n<hr class=\"wp-block-separator\"\/>\n\n\n\n<div class=\"wp-block-image\"><figure class=\"aligncenter is-resized\"><img decoding=\"async\" loading=\"lazy\" src=\"https:\/\/www.woertherseeschifffahrt.at\/wp-content\/uploads\/2019\/03\/top-ausflugsziele.png\" alt=\"\" class=\"wp-image-306\" width=\"165\" height=\"204\"\/><\/figure><\/div>\n\n\n\n<div style=\"height:25px\" aria-hidden=\"true\" class=\"wp-block-spacer\"><\/div>\n\n\n\n<p class=\"has-text-align-center is-style-width65 has-primary-color has-text-color\" style=\"font-size:25px\">Kombitickets<\/p>\n\n\n\n<p class=\"has-text-align-center is-style-width65\">DIE TICKETS&nbsp;ERHALTEN&nbsp;SIE&nbsp;DIREKT&nbsp;AN&nbsp;BORD&nbsp;BEI DEN&nbsp;MATROSEN<br> ODER AN DER KASSE MINIMUNDUS UND PYRAMIDENKOGEL.<br> <br>-Ausflugsziele k\u00f6nnen an unterschiedlichen Tagen besucht werden<br>-keine Registrierung notwendig<br>-gr\u00fcnes Mobilit\u00e4tsticket rund um den W\u00f6rthersee<br>-keine Wartezeit beim Ausflugsziel <\/p>\n\n\n\n<div style=\"height:25px\" aria-hidden=\"true\" class=\"wp-block-spacer\"><\/div>\n\n\n\n<hr class=\"wp-block-separator\"\/>\n\n\n\n<div style=\"height:25px\" aria-hidden=\"true\" class=\"wp-block-spacer\"><\/div>\n\n\n\n<p class=\"has-text-align-center has-primary-color has-text-color has-medium-font-size\">Kombiticket Pyramidenkogel<\/p>\n\n\n\n<p class=\"has-text-align-center is-style-width65\">Eintritt Pyramidenkogel bis 17.00 Uhr Adventmarkt bis 18.00 Uhr (g\u00fcltig 25.11. bis 18.12.2022 Fr-So und Do 08.12.2022)<br>Ganztagesticket W\u00f6rthersee Schifffahrt (g\u00fcltig 25.11. bis 18.12.2022 Fr-So und Do 08.12.2022)<br>Bustransfer zwischen Maria W\u00f6rth und dem Pyramidenkogel vom 25.11. bis 18.12.2022 Fr-So und Do 08.12.2022<\/p>\n\n\n\n<div style=\"height:20px\" aria-hidden=\"true\" class=\"wp-block-spacer\"><\/div>\n\n\n\n<figure class=\"wp-block-table is-style-width65 is-style-regular\"><table class=\"has-fixed-layout\"><tbody><tr><td>Schiff &amp; Kogel Erwachsener<\/td><td>\u20ac 25,00 pro Erwachsener<\/td><\/tr><tr><td>Schiff &amp; Kogel<strong>&nbsp;<\/strong>Kind&nbsp; (Jg. 2007 bis 2015)<\/td><td>\u20ac 14,50 pro&nbsp;Kind <\/td><\/tr><\/tbody><\/table><\/figure>\n\n\n\n<div style=\"height:25px\" aria-hidden=\"true\" class=\"wp-block-spacer\"><\/div>\n\n\n\n<hr class=\"wp-block-separator is-style-default\"\/>\n\n\n\n<div style=\"height:25px\" aria-hidden=\"true\" class=\"wp-block-spacer\"><\/div>\n\n\n\n<p class=\"has-text-align-center has-primary-color has-text-color has-medium-font-size\">Kombiticket Minimundus<\/p>\n\n\n\n<p class=\"has-text-align-center is-style-width65\">Eintritt Minimundus\u200b (g\u00fcltig vom 17.12.2021 bis 30.01.2022)<br>Ganztagesticket W\u00f6rthersee Schifffahrt (g\u00fcltig 25.11. bis 18.12.2022 Fr-So und Do 08.12.2022)<\/p>\n\n\n\n<div style=\"height:20px\" aria-hidden=\"true\" class=\"wp-block-spacer\"><\/div>\n\n\n\n<figure class=\"wp-block-table is-style-width65 is-style-regular\"><table class=\"has-fixed-layout\"><tbody><tr><td>Schiff &amp; Minimundus Erwachsener <\/td><td>\u20ac 28,00 pro Erwachsener<\/td><\/tr><tr><td>Schiff &amp; Minimundus Kind<strong> <\/strong> (Jg. 2007 bis 2015)<\/td><td>\u20ac 14,00&nbsp;pro Kind <\/td><\/tr><\/tbody><\/table><\/figure>\n\n\n\n<div style=\"height:25px\" aria-hidden=\"true\" class=\"wp-block-spacer\"><\/div>\n\n\n\n<hr class=\"wp-block-separator\"\/>\n\n\n\n<div style=\"height:25px\" aria-hidden=\"true\" class=\"wp-block-spacer\"><\/div>\n\n\n\n<p class=\"has-text-align-center has-primary-color has-text-color has-medium-font-size\">Kombiticket &#8220;All in One&#8221; (Schifffahrt &amp; Pyramidenkogel &amp; Minimundus) <\/p>\n\n\n\n<p class=\"has-text-align-center\"> Eintritt Pyramidenkogel bis 17.00 Uhr Adventmarkt bis 18.00 Uhr (g\u00fcltig 25.11. bis 18.12.2022 Fr-So und Do 08.12.2022)<br> Eintritt Minimundus\u200b (g\u00fcltig vom 17.12.2021 bis 30.01.2022) <br>Ganztagesticket W\u00f6rthersee Schifffahrt (g\u00fcltig 25.11. bis 18.12.2022 Fr-So und Do 08.12.2022)<br>Bustransfer zwischen Maria W\u00f6rth und dem Pyramidenkogel vom 25.11. bis 18.12.2022 Fr-So und Do 08.12.2022 <\/p>\n\n\n\n<div style=\"height:20px\" aria-hidden=\"true\" class=\"wp-block-spacer\"><\/div>\n\n\n\n<figure class=\"wp-block-table is-style-width65 is-style-regular\"><table class=\"has-fixed-layout\"><tbody><tr><td>All in One Kombiticket Erwachsener <\/td><td>\u20ac 43,00 pro Erwachsener<\/td><\/tr><tr><td>All in One Kombiticket Kind (Jg. 2007 bis 2015)<\/td><td>\u20ac 23,20 pro Kind <\/td><\/tr><\/tbody><\/table><\/figure>\n\n\n\n<div style=\"height:25px\" aria-hidden=\"true\" class=\"wp-block-spacer\"><\/div>\n\n\n\n<p class=\"has-text-align-center is-style-width65\">Freiplatzregelung Kombitickets:<br>Pro Bus: bei 20 zahlenden Personen ist die 21. Person frei, <br>bei 30 zahlenden Personen sind die 31.und 32. Person frei.<\/p>\n\n\n\n<div style=\"height:25px\" aria-hidden=\"true\" class=\"wp-block-spacer\"><\/div>\n\n\n\n<hr class=\"wp-block-separator\"\/>\n\n\n\n<div style=\"height:25px\" aria-hidden=\"true\" class=\"wp-block-spacer\"><\/div>\n\n\n\n<p class=\"has-text-align-center is-style-width65 has-primary-color has-text-color has-medium-font-size\">Pyramidenkogel Busshuttle<\/p>\n\n\n\n<figure class=\"wp-block-table is-style-width65 is-style-regular\"><table><tbody><tr><td>Ab Maria W\u00f6rth<\/td><td>11:45<\/td><td>13.45<\/td><td>15:45<\/td><td>17:45<\/td><\/tr><tr><td>An Pyramidenkogel<\/td><td>12:15<\/td><td>14:15<\/td><td>16:15<\/td><td>18:15<\/td><\/tr><tr><td>Ab Pyramidenkogel<\/td><td>12:30<\/td><td>14:30<\/td><td>16:30<\/td><td>18:30<\/td><\/tr><tr><td>An Maria W\u00f6rth<\/td><td>13:00<\/td><td>15:00<\/td><td>17:00<\/td><td>19:00<\/td><\/tr><\/tbody><\/table><\/figure>\n\n\n\n<p class=\"has-text-align-center is-style-width65\">  Bustransfer zwischen Maria W\u00f6rth und dem Pyramidenkogel vom 25.11. bis 18.12.2022 Fr-So und Do 08.12.2022<br>(\u00f6ffentlicher Linienbus, keine Platzreservierung m\u00f6glich, Versp\u00e4tungen aufgrund verst\u00e4rktem Verkehrsaufkommen zum Adventmarkt m\u00f6glich.)<\/p>\n","protected":false},"excerpt":{"rendered":"<p>Ahoi am W\u00f6rthersee &#8211; der Karibik der Alpen! Unsere Linienschiffe bringen Sie bequem an Ihre Lieblingsorte am W\u00f6rthersee. FAHRPLAN Advent PREISE F\u00fcr jeden Gast das richtige Ticket Hier finden Sie die Preise der W\u00f6rthersee Schifffahrt f\u00fcr den Advent 2022.Angefangen von&#8230;<\/p>\n","protected":false},"author":20,"featured_media":0,"parent":1975,"menu_order":0,"comment_status":"closed","ping_status":"closed","template":"","meta":[],"acf":[],"yoast_head":"<!-- This site is optimized with the Yoast SEO plugin v20.12 - https:\/\/yoast.com\/wordpress\/plugins\/seo\/ -->\n<title>Advent Boat Trip - W\u00f6rthersee Schifffahrt<\/title>\n<meta name=\"robots\" content=\"index, follow, max-snippet:-1, max-image-preview:large, max-video-preview:-1\" \/>\n<link rel=\"canonical\" href=\"https:\/\/backup.woertherseeschifffahrt.at\/en\/timetable\/advent-boat-trip-2\/\" \/>\n<meta property=\"og:locale\" content=\"en_US\" \/>\n<meta property=\"og:type\" content=\"article\" \/>\n<meta property=\"og:title\" content=\"Advent Boat Trip - W\u00f6rthersee Schifffahrt\" \/>\n<meta property=\"og:description\" content=\"Ahoi am W\u00f6rthersee &#8211; der Karibik der Alpen! Unsere Linienschiffe bringen Sie bequem an Ihre Lieblingsorte am W\u00f6rthersee. FAHRPLAN Advent PREISE F\u00fcr jeden Gast das richtige Ticket Hier finden Sie die Preise der W\u00f6rthersee Schifffahrt f\u00fcr den Advent 2022.Angefangen von...\" \/>\n<meta property=\"og:url\" content=\"https:\/\/backup.woertherseeschifffahrt.at\/en\/timetable\/advent-boat-trip-2\/\" \/>\n<meta property=\"og:site_name\" content=\"W\u00f6rthersee Schifffahrt\" \/>\n<meta property=\"article:publisher\" content=\"https:\/\/www.facebook.com\/woerthersee.schiffahrt\" \/>\n<meta property=\"article:modified_time\" content=\"2022-09-30T14:49:52+00:00\" \/>\n<meta property=\"og:image\" content=\"https:\/\/www.woertherseeschifffahrt.at\/wp-content\/uploads\/2022\/09\/Adventschiff-Karte-2022-1024x313.png\" \/>\n<meta name=\"twitter:card\" content=\"summary_large_image\" \/>\n<script type=\"application\/ld+json\" class=\"yoast-schema-graph\">{\"@context\":\"https:\/\/schema.org\",\"@graph\":[{\"@type\":\"WebPage\",\"@id\":\"https:\/\/backup.woertherseeschifffahrt.at\/en\/timetable\/advent-boat-trip-2\/\",\"url\":\"https:\/\/backup.woertherseeschifffahrt.at\/en\/timetable\/advent-boat-trip-2\/\",\"name\":\"Advent Boat Trip - W\u00f6rthersee Schifffahrt\",\"isPartOf\":{\"@id\":\"https:\/\/backup.woertherseeschifffahrt.at\/#website\"},\"datePublished\":\"2022-09-30T14:49:51+00:00\",\"dateModified\":\"2022-09-30T14:49:52+00:00\",\"breadcrumb\":{\"@id\":\"https:\/\/backup.woertherseeschifffahrt.at\/en\/timetable\/advent-boat-trip-2\/#breadcrumb\"},\"inLanguage\":\"en-US\",\"potentialAction\":[{\"@type\":\"ReadAction\",\"target\":[\"https:\/\/backup.woertherseeschifffahrt.at\/en\/timetable\/advent-boat-trip-2\/\"]}]},{\"@type\":\"BreadcrumbList\",\"@id\":\"https:\/\/backup.woertherseeschifffahrt.at\/en\/timetable\/advent-boat-trip-2\/#breadcrumb\",\"itemListElement\":[{\"@type\":\"ListItem\",\"position\":1,\"name\":\"Startseite\",\"item\":\"https:\/\/backup.woertherseeschifffahrt.at\/en\/\"},{\"@type\":\"ListItem\",\"position\":2,\"name\":\"Timetable\",\"item\":\"https:\/\/backup.woertherseeschifffahrt.at\/en\/timetable\/\"},{\"@type\":\"ListItem\",\"position\":3,\"name\":\"Advent Boat Trip\"}]},{\"@type\":\"WebSite\",\"@id\":\"https:\/\/backup.woertherseeschifffahrt.at\/#website\",\"url\":\"https:\/\/backup.woertherseeschifffahrt.at\/\",\"name\":\"W\u00f6rthersee Schifffahrt\",\"description\":\"Eine weitere WordPress-Website\",\"potentialAction\":[{\"@type\":\"SearchAction\",\"target\":{\"@type\":\"EntryPoint\",\"urlTemplate\":\"https:\/\/backup.woertherseeschifffahrt.at\/?s={search_term_string}\"},\"query-input\":\"required name=search_term_string\"}],\"inLanguage\":\"en-US\"}]}<\/script>\n<!-- \/ Yoast SEO plugin. -->","yoast_head_json":{"title":"Advent Boat Trip - W\u00f6rthersee Schifffahrt","robots":{"index":"index","follow":"follow","max-snippet":"max-snippet:-1","max-image-preview":"max-image-preview:large","max-video-preview":"max-video-preview:-1"},"canonical":"https:\/\/backup.woertherseeschifffahrt.at\/en\/timetable\/advent-boat-trip-2\/","og_locale":"en_US","og_type":"article","og_title":"Advent Boat Trip - W\u00f6rthersee Schifffahrt","og_description":"Ahoi am W\u00f6rthersee &#8211; der Karibik der Alpen! Unsere Linienschiffe bringen Sie bequem an Ihre Lieblingsorte am W\u00f6rthersee. FAHRPLAN Advent PREISE F\u00fcr jeden Gast das richtige Ticket Hier finden Sie die Preise der W\u00f6rthersee Schifffahrt f\u00fcr den Advent 2022.Angefangen von...","og_url":"https:\/\/backup.woertherseeschifffahrt.at\/en\/timetable\/advent-boat-trip-2\/","og_site_name":"W\u00f6rthersee Schifffahrt","article_publisher":"https:\/\/www.facebook.com\/woerthersee.schiffahrt","article_modified_time":"2022-09-30T14:49:52+00:00","og_image":[{"url":"https:\/\/www.woertherseeschifffahrt.at\/wp-content\/uploads\/2022\/09\/Adventschiff-Karte-2022-1024x313.png"}],"twitter_card":"summary_large_image","schema":{"@context":"https:\/\/schema.org","@graph":[{"@type":"WebPage","@id":"https:\/\/backup.woertherseeschifffahrt.at\/en\/timetable\/advent-boat-trip-2\/","url":"https:\/\/backup.woertherseeschifffahrt.at\/en\/timetable\/advent-boat-trip-2\/","name":"Advent Boat Trip - W\u00f6rthersee Schifffahrt","isPartOf":{"@id":"https:\/\/backup.woertherseeschifffahrt.at\/#website"},"datePublished":"2022-09-30T14:49:51+00:00","dateModified":"2022-09-30T14:49:52+00:00","breadcrumb":{"@id":"https:\/\/backup.woertherseeschifffahrt.at\/en\/timetable\/advent-boat-trip-2\/#breadcrumb"},"inLanguage":"en-US","potentialAction":[{"@type":"ReadAction","target":["https:\/\/backup.woertherseeschifffahrt.at\/en\/timetable\/advent-boat-trip-2\/"]}]},{"@type":"BreadcrumbList","@id":"https:\/\/backup.woertherseeschifffahrt.at\/en\/timetable\/advent-boat-trip-2\/#breadcrumb","itemListElement":[{"@type":"ListItem","position":1,"name":"Startseite","item":"https:\/\/backup.woertherseeschifffahrt.at\/en\/"},{"@type":"ListItem","position":2,"name":"Timetable","item":"https:\/\/backup.woertherseeschifffahrt.at\/en\/timetable\/"},{"@type":"ListItem","position":3,"name":"Advent Boat Trip"}]},{"@type":"WebSite","@id":"https:\/\/backup.woertherseeschifffahrt.at\/#website","url":"https:\/\/backup.woertherseeschifffahrt.at\/","name":"W\u00f6rthersee Schifffahrt","description":"Eine weitere WordPress-Website","potentialAction":[{"@type":"SearchAction","target":{"@type":"EntryPoint","urlTemplate":"https:\/\/backup.woertherseeschifffahrt.at\/?s={search_term_string}"},"query-input":"required name=search_term_string"}],"inLanguage":"en-US"}]}},"_links":{"self":[{"href":"https:\/\/backup.woertherseeschifffahrt.at\/en\/wp-json\/wp\/v2\/pages\/13571"}],"collection":[{"href":"https:\/\/backup.woertherseeschifffahrt.at\/en\/wp-json\/wp\/v2\/pages"}],"about":[{"href":"https:\/\/backup.woertherseeschifffahrt.at\/en\/wp-json\/wp\/v2\/types\/page"}],"author":[{"embeddable":true,"href":"https:\/\/backup.woertherseeschifffahrt.at\/en\/wp-json\/wp\/v2\/users\/20"}],"replies":[{"embeddable":true,"href":"https:\/\/backup.woertherseeschifffahrt.at\/en\/wp-json\/wp\/v2\/comments?post=13571"}],"version-history":[{"count":2,"href":"https:\/\/backup.woertherseeschifffahrt.at\/en\/wp-json\/wp\/v2\/pages\/13571\/revisions"}],"predecessor-version":[{"id":13584,"href":"https:\/\/backup.woertherseeschifffahrt.at\/en\/wp-json\/wp\/v2\/pages\/13571\/revisions\/13584"}],"up":[{"embeddable":true,"href":"https:\/\/backup.woertherseeschifffahrt.at\/en\/wp-json\/wp\/v2\/pages\/1975"}],"wp:attachment":[{"href":"https:\/\/backup.woertherseeschifffahrt.at\/en\/wp-json\/wp\/v2\/media?parent=13571"}],"curies":[{"name":"wp","href":"https:\/\/api.w.org\/{rel}","templated":true}]}}