{"id":1521,"date":"2019-03-28T20:04:07","date_gmt":"2019-03-28T19:04:07","guid":{"rendered":"http:\/\/woertherseeschifffahrt.pixeldev.at\/?page_id=1521\/"},"modified":"2019-04-02T16:24:39","modified_gmt":"2019-04-02T14:24:39","slug":"the-history-of-lake-woerthersee-boat-trips","status":"publish","type":"page","link":"https:\/\/backup.woertherseeschifffahrt.at\/en\/enterprise\/the-history-of-lake-woerthersee-boat-trips\/","title":{"rendered":"The history of lake W\u00f6rthersee boat trips"},"content":{"rendered":"\n<h3 style=\"text-align:center\">CHRONICLE<\/h3>\n\n\n\n<div style=\"height:20px\" aria-hidden=\"true\" class=\"wp-block-spacer\"><\/div>\n\n\n\n<p class=\"is-style-width65\">In the more than 150 years of public passenger boat transport on Lake W\u00f6rthersee, the special experience of taking a boat trip on Lake W\u00f6rthersee has remained. What has changed is the character of a boat trip these days. In the beginning the W\u00f6rthersee boats were mostly used as a means of transport.<\/p>\n\n\n\n<p class=\"is-style-width65\">Settlements around Lake W\u00f6rthersee were originally only connected by primitive paths. Transport of goods of all kinds was nearly impossible on land. Simple wooden rafts with rudders have been used to transport goods for many centuries. Later these water vehicles had sails added. The destination of most of the sailing trips was the town of Klagenfurt.<\/p>\n\n\n\n<p class=\"is-style-width65\">With the construction of the railway lines in the middle of the 19th century unimagined possibilities of transport opened up for the population. Transport on the water boomed just as much as on the railways. New shipping companies were set up, new boats were bought and the frequency of journeys increased enormously. In the last few decades, operations developed into a means of transport for excursions.<\/p>\n\n\n\n<div style=\"height:20px\" aria-hidden=\"true\" class=\"wp-block-spacer\"><\/div>\n\n\n\n<p style=\"font-size:25px;text-align:center\" class=\"has-text-color has-primary-color is-style-width65\"> 1853 &#8211; 1873 <br><\/p>\n\n\n\n<p class=\"is-style-width65\">The forerunner operation with a paddle steamer showed there was both interest and a demand from the public. Technical problems overshadowed the use of steamboats and led to their discontinuation.<\/p>\n\n\n\n<p style=\"font-size:25px;text-align:center\" class=\"has-text-color has-primary-color is-style-width65\">1910 &#8211; 1929<\/p>\n\n\n\n<p class=\"is-style-width65\">There was a strong expansion of the services on offer in this period. In the hope of increasing turnover, timetables were compiled. Eight small motor boats were added to the existing fleet of four large boats within a period of five years.<\/p>\n\n\n\n<p style=\"font-size:25px;text-align:center\" class=\"has-text-color has-primary-color is-style-width65\">1939 &#8211; 1945<\/p>\n\n\n\n<p class=\"is-style-width65\">Following a period of weak tourist traffic (economic crisis), there was once more an increase in business traffic. The general increase in demand and the war required top performance from the already outdated boats. The planned construction of two new boats, each with room for 400 people, was not completed due to the war. Due to the shortage of fuel and materials, journeys were limited from 1940 and the use of the Lendkanal waterway was completely abandoned.<\/p>\n\n\n\n<p style=\"font-size:25px;text-align:center\" class=\"has-text-color has-primary-color is-style-width65\">1945 &#8211; 1948<\/p>\n\n\n\n<p class=\"is-style-width65\">In the course of reconstructions, there were larger volumes of business traffic and many practical problems with the material. Improvisation and frugality characterised everyday life.<\/p>\n\n\n\n<p style=\"font-size:25px;text-align:center\" class=\"has-text-color has-primary-color is-style-width65\">1949 &#8211; 1966<\/p>\n\n\n\n<p class=\"is-style-width65\">Beginning of consolidation and modernisation: The old boats were replaced by two new boats. The steamboats changed over to oil fired or diesel engines, and thus the modernisation of the existing fleet and the sale of smaller boats was boosted.<\/p>\n\n\n\n<p style=\"font-size:25px;text-align:center\" class=\"has-text-color has-primary-color is-style-width65\">1967 &#8211; 1975<\/p>\n\n\n\n<p class=\"is-style-width65\">Acquisition of two further new boats with a capacity for approximately 400 people each, and the discontinuation of two old boats. The last steamboat (DS Thalia) was taken off the water. This necessitated strong rationalisation measures.<\/p>\n\n\n\n<p style=\"font-size:25px;text-align:center\" class=\"has-text-color has-primary-color is-style-width65\">1975 &#8211; 1988<\/p>\n\n\n\n<p class=\"is-style-width65\">Construction of a new dockyard. The nostalgia wave brought with it new ideas and attractions. The use of the Lendkanal waterway was successfully restarted after 48 years. The MS Klagenfurt motorised boat was converted to suit the changed requirements. The last existing screw steamboat in Austria, DS Thalia, built in 1909, was completely restored and after 14 years of downtime once again put into service as a lounge steamer.<\/p>\n\n\n\n<p style=\"font-size:25px;text-align:center\" class=\"has-text-color has-primary-color is-style-width65\">1988 until now<\/p>\n\n\n\n<p class=\"is-style-width65\">The boat trips changed more and more from pure passenger transport to an \u201cexperience on Lake W\u00f6rthersee\u201d. As excursion boats, the experience on Lake W\u00f6rthersee became the main focus, with the boats being an economically sound operation. The offer was expanded to charter and event trips. Exclusive boats for company, birthday and wedding celebrations as well as party boats became the most sought-after offers on Lake W\u00f6rthersee. In 2008, the W\u00f6rthersee Schifffahrt company was partially privatised and gained a strong partner who in 2010 purchased all shares in the W\u00f6rthersee Schifffahrt and brought numerous innovations and modernisations to the company.<\/p>\n","protected":false},"excerpt":{"rendered":"<p>CHRONICLE In the more than 150 years of public passenger boat transport on Lake W\u00f6rthersee, the special experience of taking a boat trip on Lake W\u00f6rthersee has remained. What has changed is the character of a boat trip these days&#8230;.<\/p>\n","protected":false},"author":12,"featured_media":0,"parent":1971,"menu_order":5,"comment_status":"closed","ping_status":"closed","template":"","meta":[],"acf":[],"yoast_head":"<!-- This site is optimized with the Yoast SEO plugin v20.12 - https:\/\/yoast.com\/wordpress\/plugins\/seo\/ -->\n<title>The history of lake W\u00f6rthersee boat trips - W\u00f6rthersee Schifffahrt<\/title>\n<meta name=\"robots\" content=\"index, follow, max-snippet:-1, max-image-preview:large, max-video-preview:-1\" \/>\n<link rel=\"canonical\" href=\"https:\/\/backup.woertherseeschifffahrt.at\/en\/enterprise\/the-history-of-lake-woerthersee-boat-trips\/\" \/>\n<meta property=\"og:locale\" content=\"en_US\" \/>\n<meta property=\"og:type\" content=\"article\" \/>\n<meta property=\"og:title\" content=\"The history of lake W\u00f6rthersee boat trips - W\u00f6rthersee Schifffahrt\" \/>\n<meta property=\"og:description\" content=\"CHRONICLE In the more than 150 years of public passenger boat transport on Lake W\u00f6rthersee, the special experience of taking a boat trip on Lake W\u00f6rthersee has remained. What has changed is the character of a boat trip these days....\" \/>\n<meta property=\"og:url\" content=\"https:\/\/backup.woertherseeschifffahrt.at\/en\/enterprise\/the-history-of-lake-woerthersee-boat-trips\/\" \/>\n<meta property=\"og:site_name\" content=\"W\u00f6rthersee Schifffahrt\" \/>\n<meta property=\"article:publisher\" content=\"https:\/\/www.facebook.com\/woerthersee.schiffahrt\" \/>\n<meta property=\"article:modified_time\" content=\"2019-04-02T14:24:39+00:00\" \/>\n<meta property=\"og:image\" content=\"https:\/\/backup.woertherseeschifffahrt.at\/wp-content\/uploads\/2019\/03\/MS-Klagenfurt-\u00a9Wolfgang-Handler-22-1024x683.jpg\" \/>\n\t<meta property=\"og:image:width\" content=\"1024\" \/>\n\t<meta property=\"og:image:height\" content=\"683\" \/>\n\t<meta property=\"og:image:type\" content=\"image\/jpeg\" \/>\n<meta name=\"twitter:card\" content=\"summary_large_image\" \/>\n<meta name=\"twitter:label1\" content=\"Est. reading time\" \/>\n\t<meta name=\"twitter:data1\" content=\"3 minutes\" \/>\n<script type=\"application\/ld+json\" class=\"yoast-schema-graph\">{\"@context\":\"https:\/\/schema.org\",\"@graph\":[{\"@type\":\"WebPage\",\"@id\":\"https:\/\/backup.woertherseeschifffahrt.at\/en\/enterprise\/the-history-of-lake-woerthersee-boat-trips\/\",\"url\":\"https:\/\/backup.woertherseeschifffahrt.at\/en\/enterprise\/the-history-of-lake-woerthersee-boat-trips\/\",\"name\":\"The history of lake W\u00f6rthersee boat trips - W\u00f6rthersee Schifffahrt\",\"isPartOf\":{\"@id\":\"https:\/\/backup.woertherseeschifffahrt.at\/#website\"},\"datePublished\":\"2019-03-28T19:04:07+00:00\",\"dateModified\":\"2019-04-02T14:24:39+00:00\",\"breadcrumb\":{\"@id\":\"https:\/\/backup.woertherseeschifffahrt.at\/en\/enterprise\/the-history-of-lake-woerthersee-boat-trips\/#breadcrumb\"},\"inLanguage\":\"en-US\",\"potentialAction\":[{\"@type\":\"ReadAction\",\"target\":[\"https:\/\/backup.woertherseeschifffahrt.at\/en\/enterprise\/the-history-of-lake-woerthersee-boat-trips\/\"]}]},{\"@type\":\"BreadcrumbList\",\"@id\":\"https:\/\/backup.woertherseeschifffahrt.at\/en\/enterprise\/the-history-of-lake-woerthersee-boat-trips\/#breadcrumb\",\"itemListElement\":[{\"@type\":\"ListItem\",\"position\":1,\"name\":\"Startseite\",\"item\":\"https:\/\/backup.woertherseeschifffahrt.at\/en\/\"},{\"@type\":\"ListItem\",\"position\":2,\"name\":\"Enterprise\",\"item\":\"https:\/\/backup.woertherseeschifffahrt.at\/en\/enterprise\/\"},{\"@type\":\"ListItem\",\"position\":3,\"name\":\"The history of lake W\u00f6rthersee boat trips\"}]},{\"@type\":\"WebSite\",\"@id\":\"https:\/\/backup.woertherseeschifffahrt.at\/#website\",\"url\":\"https:\/\/backup.woertherseeschifffahrt.at\/\",\"name\":\"W\u00f6rthersee Schifffahrt\",\"description\":\"Eine weitere WordPress-Website\",\"potentialAction\":[{\"@type\":\"SearchAction\",\"target\":{\"@type\":\"EntryPoint\",\"urlTemplate\":\"https:\/\/backup.woertherseeschifffahrt.at\/?s={search_term_string}\"},\"query-input\":\"required name=search_term_string\"}],\"inLanguage\":\"en-US\"}]}<\/script>\n<!-- \/ Yoast SEO plugin. -->","yoast_head_json":{"title":"The history of lake W\u00f6rthersee boat trips - W\u00f6rthersee Schifffahrt","robots":{"index":"index","follow":"follow","max-snippet":"max-snippet:-1","max-image-preview":"max-image-preview:large","max-video-preview":"max-video-preview:-1"},"canonical":"https:\/\/backup.woertherseeschifffahrt.at\/en\/enterprise\/the-history-of-lake-woerthersee-boat-trips\/","og_locale":"en_US","og_type":"article","og_title":"The history of lake W\u00f6rthersee boat trips - W\u00f6rthersee Schifffahrt","og_description":"CHRONICLE In the more than 150 years of public passenger boat transport on Lake W\u00f6rthersee, the special experience of taking a boat trip on Lake W\u00f6rthersee has remained. What has changed is the character of a boat trip these days....","og_url":"https:\/\/backup.woertherseeschifffahrt.at\/en\/enterprise\/the-history-of-lake-woerthersee-boat-trips\/","og_site_name":"W\u00f6rthersee Schifffahrt","article_publisher":"https:\/\/www.facebook.com\/woerthersee.schiffahrt","article_modified_time":"2019-04-02T14:24:39+00:00","og_image":[{"width":1024,"height":683,"url":"https:\/\/backup.woertherseeschifffahrt.at\/wp-content\/uploads\/2019\/03\/MS-Klagenfurt-\u00a9Wolfgang-Handler-22-1024x683.jpg","type":"image\/jpeg"}],"twitter_card":"summary_large_image","twitter_misc":{"Est. reading time":"3 minutes"},"schema":{"@context":"https:\/\/schema.org","@graph":[{"@type":"WebPage","@id":"https:\/\/backup.woertherseeschifffahrt.at\/en\/enterprise\/the-history-of-lake-woerthersee-boat-trips\/","url":"https:\/\/backup.woertherseeschifffahrt.at\/en\/enterprise\/the-history-of-lake-woerthersee-boat-trips\/","name":"The history of lake W\u00f6rthersee boat trips - W\u00f6rthersee Schifffahrt","isPartOf":{"@id":"https:\/\/backup.woertherseeschifffahrt.at\/#website"},"datePublished":"2019-03-28T19:04:07+00:00","dateModified":"2019-04-02T14:24:39+00:00","breadcrumb":{"@id":"https:\/\/backup.woertherseeschifffahrt.at\/en\/enterprise\/the-history-of-lake-woerthersee-boat-trips\/#breadcrumb"},"inLanguage":"en-US","potentialAction":[{"@type":"ReadAction","target":["https:\/\/backup.woertherseeschifffahrt.at\/en\/enterprise\/the-history-of-lake-woerthersee-boat-trips\/"]}]},{"@type":"BreadcrumbList","@id":"https:\/\/backup.woertherseeschifffahrt.at\/en\/enterprise\/the-history-of-lake-woerthersee-boat-trips\/#breadcrumb","itemListElement":[{"@type":"ListItem","position":1,"name":"Startseite","item":"https:\/\/backup.woertherseeschifffahrt.at\/en\/"},{"@type":"ListItem","position":2,"name":"Enterprise","item":"https:\/\/backup.woertherseeschifffahrt.at\/en\/enterprise\/"},{"@type":"ListItem","position":3,"name":"The history of lake W\u00f6rthersee boat trips"}]},{"@type":"WebSite","@id":"https:\/\/backup.woertherseeschifffahrt.at\/#website","url":"https:\/\/backup.woertherseeschifffahrt.at\/","name":"W\u00f6rthersee Schifffahrt","description":"Eine weitere WordPress-Website","potentialAction":[{"@type":"SearchAction","target":{"@type":"EntryPoint","urlTemplate":"https:\/\/backup.woertherseeschifffahrt.at\/?s={search_term_string}"},"query-input":"required name=search_term_string"}],"inLanguage":"en-US"}]}},"_links":{"self":[{"href":"https:\/\/backup.woertherseeschifffahrt.at\/en\/wp-json\/wp\/v2\/pages\/1521"}],"collection":[{"href":"https:\/\/backup.woertherseeschifffahrt.at\/en\/wp-json\/wp\/v2\/pages"}],"about":[{"href":"https:\/\/backup.woertherseeschifffahrt.at\/en\/wp-json\/wp\/v2\/types\/page"}],"author":[{"embeddable":true,"href":"https:\/\/backup.woertherseeschifffahrt.at\/en\/wp-json\/wp\/v2\/users\/12"}],"replies":[{"embeddable":true,"href":"https:\/\/backup.woertherseeschifffahrt.at\/en\/wp-json\/wp\/v2\/comments?post=1521"}],"version-history":[{"count":1,"href":"https:\/\/backup.woertherseeschifffahrt.at\/en\/wp-json\/wp\/v2\/pages\/1521\/revisions"}],"predecessor-version":[{"id":1522,"href":"https:\/\/backup.woertherseeschifffahrt.at\/en\/wp-json\/wp\/v2\/pages\/1521\/revisions\/1522"}],"up":[{"embeddable":true,"href":"https:\/\/backup.woertherseeschifffahrt.at\/en\/wp-json\/wp\/v2\/pages\/1971"}],"wp:attachment":[{"href":"https:\/\/backup.woertherseeschifffahrt.at\/en\/wp-json\/wp\/v2\/media?parent=1521"}],"curies":[{"name":"wp","href":"https:\/\/api.w.org\/{rel}","templated":true}]}}