{"id":1641,"date":"2019-04-01T08:12:39","date_gmt":"2019-04-01T06:12:39","guid":{"rendered":"http:\/\/woertherseeschifffahrt.pixeldev.at\/?page_id=1641"},"modified":"2025-01-21T13:05:12","modified_gmt":"2025-01-21T12:05:12","slug":"prezzi","status":"publish","type":"page","link":"https:\/\/backup.woertherseeschifffahrt.at\/it\/orario\/prezzi\/","title":{"rendered":"Prezzi"},"content":{"rendered":"\n<p class=\"has-text-align-center is-style-width65\"><\/p>\n\n\n\n<div style=\"height:25px\" aria-hidden=\"true\" class=\"wp-block-spacer\"><\/div>\n\n\n\n<hr class=\"wp-block-separator has-css-opacity\"\/>\n\n\n\n<div style=\"height:25px\" aria-hidden=\"true\" class=\"wp-block-spacer\"><\/div>\n\n\n\n<h3 class=\"has-text-align-center\">Prezzi Biglietti Stagione 2025<\/h3>\n\n\n\n<div style=\"height:25px\" aria-hidden=\"true\" class=\"wp-block-spacer\"><\/div>\n\n\n\n<p class=\"has-text-align-center has-primary-color has-text-color\" style=\"font-size:25px\">BIGLIETTO GIORNALIERO (Hop on\/ hop off)<\/p>\n\n\n\n<p class=\"has-text-align-center is-style-width65\">Trascorrete una giornata intera sul lago a bordo di una delle nostre imbarcazioni. <\/p>\n\n\n\n<p class=\"has-text-align-center is-style-width65\">Potrete interrompere e riprendere il viaggio ogniqualvolta lo vogliate cos\u00ec da organizzare al meglio il Vostro tour giornaliero sul W\u00f6rthersee.<\/p>\n\n\n\n<div style=\"height:20px\" aria-hidden=\"true\" class=\"wp-block-spacer\"><\/div>\n\n\n\n<figure class=\"wp-block-table is-style-width65 is-style-regular\"><table class=\"has-fixed-layout\"><tbody><tr><td><\/td><td><strong>online<\/strong><\/td><td><strong>in loco<\/strong><\/td><\/tr><tr><td>Adulti<\/td><td>\u20ac 21,00<\/td><td>\u20ac 23,00<\/td><\/tr><tr><td>Senior (60+) &amp; ospiti con disabilit\u00e0<\/td><td>\u20ac 20,00<\/td><td>\u20ac 22,00<\/td><\/tr><tr><td>Bambini (6-15 anni) \u2013  fino a 5 anni GRATIS<\/td><td>\u20ac 9,00<\/td><td>\u20ac 10,00<\/td><\/tr><tr><td>Biglietto famigliare (2 adulti e max. 3 bambini 6-15 anni)<\/td><td>\u20ac 49,00<\/td><td>\u20ac 50,00<\/td><\/tr><tr><td>Cani (con guinzaglio)<\/td><td><\/td><td>Gratuito<\/td><\/tr><\/tbody><\/table><\/figure>\n\n\n\n<div style=\"height:25px\" aria-hidden=\"true\" class=\"wp-block-spacer\"><\/div>\n\n\n\n<hr class=\"wp-block-separator has-css-opacity\"\/>\n\n\n\n<p class=\"has-text-align-center has-primary-color has-text-color\" style=\"font-size:25px\">BIGLIETTI PER PERCORSI E MOBILIT\u00c1<\/p>\n\n\n\n<p class=\"has-text-align-center is-style-width65\">Con questo biglietto si pu\u00f2 viaggiare solo per 1 fermata della nave. Questo biglietto \u00e8 disponibile solo a bordo.<\/p>\n\n\n\n<figure class=\"wp-block-table is-style-width65 is-style-regular\"><table class=\"has-fixed-layout\"><tbody><tr><td>Biglietto valido per una singola fermata<\/td><td>\u20ac 7,50<\/td><\/tr><tr><td>Trasporto bicicletta (valido per una biciletta, e-bici, scooter in una direzione, trasporto possibile solo se lo spazio \u00e8 disponibile)<\/td><td>\u20ac 7,50<\/td><\/tr><\/tbody><\/table><\/figure>\n\n\n\n<hr class=\"wp-block-separator has-alpha-channel-opacity\"\/>\n\n\n\n<div style=\"height:25px\" aria-hidden=\"true\" class=\"wp-block-spacer\"><\/div>\n\n\n\n<p class=\"has-text-align-center is-style-width65 has-primary-color has-text-color\" style=\"font-size:25px\">BIGLIETTO SETTIMANALE<\/p>\n\n\n\n<p class=\"has-text-align-center is-style-width65\">Questo biglietto \u00e8 valido una settimana dall\u2019emissione e pu\u00f2 essere utilizzato senza limiti su tutti i vascelli della compagnia di navigazione <br>W\u00f6rthersee Schifffahrt. SentiteVi liberi di goderVi in spensieratezza una vacanza rilassante sul lago W\u00f6rthersee. <br>(Questi biglietti si comprano direttamente a bordo presentando un&nbsp;<strong>documento di riconoscimento<\/strong>).<\/p>\n\n\n\n<figure class=\"wp-block-table is-style-width65 is-style-regular\"><table class=\"has-fixed-layout\"><tbody><tr><td>Adulti<br><\/td><td>\u20ac 48,00<\/td><\/tr><tr><td>Bambini (6-15 anni) \u2013  fino a 5 anni GRATIS<\/td><td>\u20ac 26,00<\/td><\/tr><\/tbody><\/table><\/figure>\n\n\n\n<div style=\"height:25px\" aria-hidden=\"true\" class=\"wp-block-spacer\"><\/div>\n\n\n\n<hr class=\"wp-block-separator has-css-opacity\"\/>\n\n\n\n<div style=\"height:25px\" aria-hidden=\"true\" class=\"wp-block-spacer\"><\/div>\n\n\n\n<p class=\"has-text-align-center is-style-width65 has-primary-color has-text-color\" style=\"font-size:25px\">BIGLIETTO STAGIONALE<\/p>\n\n\n\n<p class=\"has-text-align-center is-style-width65\">Con questo biglietto potete viaggiare senza limiti e con la frequenza da Voi desiderata durante tutta la stagione di navigazione dei nostri vascelli. Valido fino al 21.12.2025.<\/p>\n\n\n\n<figure class=\"wp-block-table is-style-width65 is-style-regular\"><table class=\"has-fixed-layout\"><tbody><tr><td>Adulti<\/td><td>\u20ac 110,00<\/td><\/tr><tr><td>Bambini (6-15 anni) \u2013  fino a 5 anni GRATIS<\/td><td>\u20ac 65,00<\/td><\/tr><\/tbody><\/table><\/figure>\n\n\n\n<div style=\"height:25px\" aria-hidden=\"true\" class=\"wp-block-spacer\"><\/div>\n\n\n<div class=\"wp-block-image\">\n<figure class=\"aligncenter is-resized\"><img decoding=\"async\" loading=\"lazy\" src=\"https:\/\/www.woertherseeschifffahrt.at\/wp-content\/uploads\/2019\/03\/top-ausflugsziele.png\" alt=\"\" class=\"wp-image-306\" width=\"165\" height=\"204\"\/><\/figure><\/div>\n\n\n<div style=\"height:25px\" aria-hidden=\"true\" class=\"wp-block-spacer\"><\/div>\n\n\n\n<p class=\"has-text-align-center is-style-width65 has-primary-color has-text-color\" style=\"font-size:25px\">BIGLIETTI COMBINATI 2025<\/p>\n\n\n\n<p class=\"has-text-align-center is-style-width50\">I BIGLIETTI SI POSSONO COMPRARE DIRETTAMENTE A BORDO DAI MEMBRI <br>DELL\u2019EQUIPAGGIO O ALLA CASSA DI MINIMUNDUS E PYRAMDIENKOGEL!!<br>Non si deve visitare i siti lo stesso giorno.<\/p>\n\n\n\n<div style=\"height:25px\" aria-hidden=\"true\" class=\"wp-block-spacer\"><\/div>\n\n\n\n<hr class=\"wp-block-separator has-css-opacity\"\/>\n\n\n\n<div style=\"height:25px\" aria-hidden=\"true\" class=\"wp-block-spacer\"><\/div>\n\n\n\n<p class=\"has-text-align-center has-primary-color has-text-color has-medium-font-size\">Biglietti combinati Pyramidenkogel<\/p>\n\n\n\n<p class=\"has-text-align-center is-style-width65\">Entrata alla Pyramidenkogel (valido fino 03.11.2025)<br>Biglietto giornaliero barca (valido 20.04.-31.10.2025)<br>bus transfer tra Reifnitz e Pyramidenkogel 01.05.-30.09.2025<\/p>\n\n\n\n<div style=\"height:20px\" aria-hidden=\"true\" class=\"wp-block-spacer\"><\/div>\n\n\n\n<figure class=\"wp-block-table is-style-width65 is-style-regular\"><table class=\"has-fixed-layout\"><tbody><tr><td>Adulti<\/td><td>\u20ac 31,00<\/td><\/tr><tr><td>Bambini  (6-15 anni) \u2013  fino a 5 anni GRATIS<\/td><td>\u20ac 16,50<\/td><\/tr><\/tbody><\/table><\/figure>\n\n\n\n<div style=\"height:25px\" aria-hidden=\"true\" class=\"wp-block-spacer\"><\/div>\n\n\n\n<hr class=\"wp-block-separator has-css-opacity is-style-default\"\/>\n\n\n\n<div style=\"height:25px\" aria-hidden=\"true\" class=\"wp-block-spacer\"><\/div>\n\n\n\n<p class=\"has-text-align-center has-primary-color has-text-color has-medium-font-size\">Biglietti combinati Minimundus<\/p>\n\n\n\n<p class=\"has-text-align-center is-style-width65\">Entrata al Minimundus (valido 11.04.-02.11.2025)<br>Biglietto giornaliero barca (valido 20.04.-31.10.2025)<br><\/p>\n\n\n\n<figure class=\"wp-block-table is-style-width65 is-style-regular\"><table class=\"has-fixed-layout\"><tbody><tr><td>Adulti<\/td><td>\u20ac 31,00<\/td><\/tr><tr><td>Bambini  (6-15 anni) \u2013  fino a 5 anni GRATIS<\/td><td>\u20ac 16,50<\/td><\/tr><\/tbody><\/table><\/figure>\n\n\n\n<div style=\"height:25px\" aria-hidden=\"true\" class=\"wp-block-spacer\"><\/div>\n\n\n\n<hr class=\"wp-block-separator has-css-opacity\"\/>\n\n\n\n<div style=\"height:25px\" aria-hidden=\"true\" class=\"wp-block-spacer\"><\/div>\n\n\n\n<p class=\"has-text-align-center has-primary-color has-text-color has-medium-font-size\">&#8220;All in One&#8221; biglietti combinati<\/p>\n\n\n\n<p class=\"has-text-align-center\">Entrata al Minimundus (valido 11.04.-02.11.2025)<br>Entrata al Pyramidenkogel (valido fino 03.11.2025)<br>Biglietto giornaliero barca (valido 20.04.-31.10.2025)<br>bus transfer tra Reifnitz e Pyramidenkogel 01.05.-30.09.2025<\/p>\n\n\n\n<div style=\"height:20px\" aria-hidden=\"true\" class=\"wp-block-spacer\"><\/div>\n\n\n\n<figure class=\"wp-block-table is-style-width65 is-style-regular\"><table class=\"has-fixed-layout\"><tbody><tr><td>All in One Adulti<\/td><td>\u20ac 48,00<\/td><\/tr><tr><td>All in One Bambini (6-15 anni) \u2013  fino a 5 anni GRATIS<\/td><td>\u20ac 25,50<\/td><\/tr><\/tbody><\/table><\/figure>\n\n\n\n<div style=\"height:25px\" aria-hidden=\"true\" class=\"wp-block-spacer\"><\/div>\n\n\n\n<p class=\"has-text-align-center\">Regolamenti spaziali gratuiti biglietti combinati:<br>Una corsa gratuita ogni 21 persone.<\/p>\n\n\n\n<hr class=\"wp-block-separator has-css-opacity\"\/>\n\n\n\n<div style=\"height:25px\" aria-hidden=\"true\" class=\"wp-block-spacer\"><\/div>\n\n\n\n<p class=\"has-text-align-center is-style-width65 has-primary-color has-text-color has-medium-font-size\">Orari per il bus Reifnitz &#8211; Pyramidenkogel &#8211;&nbsp;Reifnitz<\/p>\n\n\n\n<figure class=\"wp-block-table is-style-width65 is-style-regular\"><table><tbody><tr><td>Reifnitz (part.)<\/td><td>10:40<\/td><td>11:25<\/td><td>12:40<\/td><td>13:25<\/td><td>14:40<\/td><td>15:25<\/td><td>16:40<\/td><td>17:25<\/td><\/tr><tr><td>Pyramidenkogel (arr.)<\/td><td>10:55<\/td><td>11:40<\/td><td>12:55<\/td><td>13:40<\/td><td>14:55<\/td><td>15:40<\/td><td>16:55<\/td><td>17:40<\/td><\/tr><tr><td>Pyramidenkogel (part.)<\/td><td>10:55<\/td><td>12:10<\/td><td>12:55<\/td><td>14:10<\/td><td>14:55<\/td><td>16:10<\/td><td>16:55<\/td><td>18:00<\/td><\/tr><tr><td>Reifnitz (arr.)<\/td><td>11:09<\/td><td>12:24<\/td><td>13:09<\/td><td>14:24<\/td><td>15:09<\/td><td>16:24<\/td><td>17:09<\/td><td>18:14<\/td><\/tr><\/tbody><\/table><\/figure>\n\n\n\n<p class=\"has-text-align-center is-style-width65\"><em>01.05.2025-30.09.2025 tranne durante Iron Man, cos\u00ec come gli eventi intorno alla strada di accesso al Pyramidenkogel <\/em><br><\/p>\n","protected":false},"excerpt":{"rendered":"<p>Prezzi Biglietti Stagione 2025 BIGLIETTO GIORNALIERO (Hop on\/ hop off) Trascorrete una giornata intera sul lago a bordo di una delle nostre imbarcazioni. Potrete interrompere e riprendere il viaggio ogniqualvolta lo vogliate cos\u00ec da organizzare al meglio il Vostro tour&#8230;<\/p>\n","protected":false},"author":12,"featured_media":0,"parent":2069,"menu_order":6,"comment_status":"closed","ping_status":"closed","template":"","meta":[],"acf":[],"yoast_head":"<!-- This site is optimized with the Yoast SEO plugin v20.12 - https:\/\/yoast.com\/wordpress\/plugins\/seo\/ -->\n<title>Prezzi - W\u00f6rthersee Schifffahrt<\/title>\n<meta name=\"robots\" content=\"index, follow, max-snippet:-1, max-image-preview:large, max-video-preview:-1\" \/>\n<link rel=\"canonical\" href=\"https:\/\/backup.woertherseeschifffahrt.at\/it\/orario\/prezzi\/\" \/>\n<meta property=\"og:locale\" content=\"it_IT\" \/>\n<meta property=\"og:type\" content=\"article\" \/>\n<meta property=\"og:title\" content=\"Prezzi - W\u00f6rthersee Schifffahrt\" \/>\n<meta property=\"og:description\" content=\"Prezzi Biglietti Stagione 2025 BIGLIETTO GIORNALIERO (Hop on\/ hop off) Trascorrete una giornata intera sul lago a bordo di una delle nostre imbarcazioni. Potrete interrompere e riprendere il viaggio ogniqualvolta lo vogliate cos\u00ec da organizzare al meglio il Vostro tour...\" \/>\n<meta property=\"og:url\" content=\"https:\/\/backup.woertherseeschifffahrt.at\/it\/orario\/prezzi\/\" \/>\n<meta property=\"og:site_name\" content=\"W\u00f6rthersee Schifffahrt\" \/>\n<meta property=\"article:publisher\" content=\"https:\/\/www.facebook.com\/woerthersee.schiffahrt\" \/>\n<meta property=\"article:modified_time\" content=\"2025-01-21T12:05:12+00:00\" \/>\n<meta property=\"og:image\" content=\"https:\/\/www.woertherseeschifffahrt.at\/wp-content\/uploads\/2019\/03\/top-ausflugsziele.png\" \/>\n<meta name=\"twitter:card\" content=\"summary_large_image\" \/>\n<meta name=\"twitter:label1\" content=\"Tempo di lettura stimato\" \/>\n\t<meta name=\"twitter:data1\" content=\"3 minuti\" \/>\n<script type=\"application\/ld+json\" class=\"yoast-schema-graph\">{\"@context\":\"https:\/\/schema.org\",\"@graph\":[{\"@type\":\"WebPage\",\"@id\":\"https:\/\/backup.woertherseeschifffahrt.at\/it\/orario\/prezzi\/\",\"url\":\"https:\/\/backup.woertherseeschifffahrt.at\/it\/orario\/prezzi\/\",\"name\":\"Prezzi - W\u00f6rthersee Schifffahrt\",\"isPartOf\":{\"@id\":\"https:\/\/backup.woertherseeschifffahrt.at\/#website\"},\"datePublished\":\"2019-04-01T06:12:39+00:00\",\"dateModified\":\"2025-01-21T12:05:12+00:00\",\"breadcrumb\":{\"@id\":\"https:\/\/backup.woertherseeschifffahrt.at\/it\/orario\/prezzi\/#breadcrumb\"},\"inLanguage\":\"it-IT\",\"potentialAction\":[{\"@type\":\"ReadAction\",\"target\":[\"https:\/\/backup.woertherseeschifffahrt.at\/it\/orario\/prezzi\/\"]}]},{\"@type\":\"BreadcrumbList\",\"@id\":\"https:\/\/backup.woertherseeschifffahrt.at\/it\/orario\/prezzi\/#breadcrumb\",\"itemListElement\":[{\"@type\":\"ListItem\",\"position\":1,\"name\":\"Startseite\",\"item\":\"https:\/\/backup.woertherseeschifffahrt.at\/it\/\"},{\"@type\":\"ListItem\",\"position\":2,\"name\":\"Orario\",\"item\":\"https:\/\/backup.woertherseeschifffahrt.at\/it\/orario\/\"},{\"@type\":\"ListItem\",\"position\":3,\"name\":\"Prezzi\"}]},{\"@type\":\"WebSite\",\"@id\":\"https:\/\/backup.woertherseeschifffahrt.at\/#website\",\"url\":\"https:\/\/backup.woertherseeschifffahrt.at\/\",\"name\":\"W\u00f6rthersee Schifffahrt\",\"description\":\"Eine weitere WordPress-Website\",\"potentialAction\":[{\"@type\":\"SearchAction\",\"target\":{\"@type\":\"EntryPoint\",\"urlTemplate\":\"https:\/\/backup.woertherseeschifffahrt.at\/?s={search_term_string}\"},\"query-input\":\"required name=search_term_string\"}],\"inLanguage\":\"it-IT\"}]}<\/script>\n<!-- \/ Yoast SEO plugin. -->","yoast_head_json":{"title":"Prezzi - W\u00f6rthersee Schifffahrt","robots":{"index":"index","follow":"follow","max-snippet":"max-snippet:-1","max-image-preview":"max-image-preview:large","max-video-preview":"max-video-preview:-1"},"canonical":"https:\/\/backup.woertherseeschifffahrt.at\/it\/orario\/prezzi\/","og_locale":"it_IT","og_type":"article","og_title":"Prezzi - W\u00f6rthersee Schifffahrt","og_description":"Prezzi Biglietti Stagione 2025 BIGLIETTO GIORNALIERO (Hop on\/ hop off) Trascorrete una giornata intera sul lago a bordo di una delle nostre imbarcazioni. Potrete interrompere e riprendere il viaggio ogniqualvolta lo vogliate cos\u00ec da organizzare al meglio il Vostro tour...","og_url":"https:\/\/backup.woertherseeschifffahrt.at\/it\/orario\/prezzi\/","og_site_name":"W\u00f6rthersee Schifffahrt","article_publisher":"https:\/\/www.facebook.com\/woerthersee.schiffahrt","article_modified_time":"2025-01-21T12:05:12+00:00","og_image":[{"url":"https:\/\/www.woertherseeschifffahrt.at\/wp-content\/uploads\/2019\/03\/top-ausflugsziele.png"}],"twitter_card":"summary_large_image","twitter_misc":{"Tempo di lettura stimato":"3 minuti"},"schema":{"@context":"https:\/\/schema.org","@graph":[{"@type":"WebPage","@id":"https:\/\/backup.woertherseeschifffahrt.at\/it\/orario\/prezzi\/","url":"https:\/\/backup.woertherseeschifffahrt.at\/it\/orario\/prezzi\/","name":"Prezzi - W\u00f6rthersee Schifffahrt","isPartOf":{"@id":"https:\/\/backup.woertherseeschifffahrt.at\/#website"},"datePublished":"2019-04-01T06:12:39+00:00","dateModified":"2025-01-21T12:05:12+00:00","breadcrumb":{"@id":"https:\/\/backup.woertherseeschifffahrt.at\/it\/orario\/prezzi\/#breadcrumb"},"inLanguage":"it-IT","potentialAction":[{"@type":"ReadAction","target":["https:\/\/backup.woertherseeschifffahrt.at\/it\/orario\/prezzi\/"]}]},{"@type":"BreadcrumbList","@id":"https:\/\/backup.woertherseeschifffahrt.at\/it\/orario\/prezzi\/#breadcrumb","itemListElement":[{"@type":"ListItem","position":1,"name":"Startseite","item":"https:\/\/backup.woertherseeschifffahrt.at\/it\/"},{"@type":"ListItem","position":2,"name":"Orario","item":"https:\/\/backup.woertherseeschifffahrt.at\/it\/orario\/"},{"@type":"ListItem","position":3,"name":"Prezzi"}]},{"@type":"WebSite","@id":"https:\/\/backup.woertherseeschifffahrt.at\/#website","url":"https:\/\/backup.woertherseeschifffahrt.at\/","name":"W\u00f6rthersee Schifffahrt","description":"Eine weitere WordPress-Website","potentialAction":[{"@type":"SearchAction","target":{"@type":"EntryPoint","urlTemplate":"https:\/\/backup.woertherseeschifffahrt.at\/?s={search_term_string}"},"query-input":"required name=search_term_string"}],"inLanguage":"it-IT"}]}},"_links":{"self":[{"href":"https:\/\/backup.woertherseeschifffahrt.at\/it\/wp-json\/wp\/v2\/pages\/1641"}],"collection":[{"href":"https:\/\/backup.woertherseeschifffahrt.at\/it\/wp-json\/wp\/v2\/pages"}],"about":[{"href":"https:\/\/backup.woertherseeschifffahrt.at\/it\/wp-json\/wp\/v2\/types\/page"}],"author":[{"embeddable":true,"href":"https:\/\/backup.woertherseeschifffahrt.at\/it\/wp-json\/wp\/v2\/users\/12"}],"replies":[{"embeddable":true,"href":"https:\/\/backup.woertherseeschifffahrt.at\/it\/wp-json\/wp\/v2\/comments?post=1641"}],"version-history":[{"count":9,"href":"https:\/\/backup.woertherseeschifffahrt.at\/it\/wp-json\/wp\/v2\/pages\/1641\/revisions"}],"predecessor-version":[{"id":17185,"href":"https:\/\/backup.woertherseeschifffahrt.at\/it\/wp-json\/wp\/v2\/pages\/1641\/revisions\/17185"}],"up":[{"embeddable":true,"href":"https:\/\/backup.woertherseeschifffahrt.at\/it\/wp-json\/wp\/v2\/pages\/2069"}],"wp:attachment":[{"href":"https:\/\/backup.woertherseeschifffahrt.at\/it\/wp-json\/wp\/v2\/media?parent=1641"}],"curies":[{"name":"wp","href":"https:\/\/api.w.org\/{rel}","templated":true}]}}