{"id":1652,"date":"2019-04-01T11:01:03","date_gmt":"2019-04-01T09:01:03","guid":{"rendered":"http:\/\/woertherseeschifffahrt.pixeldev.at\/?page_id=1652"},"modified":"2024-01-08T08:42:43","modified_gmt":"2024-01-08T07:42:43","slug":"home","status":"publish","type":"page","link":"https:\/\/backup.woertherseeschifffahrt.at\/it\/","title":{"rendered":"Home"},"content":{"rendered":"\n<h1 class=\"has-text-align-center\">Escursioni in Barca Sul lago W\u00f6rthersee<\/h1>\n\n\n\n<div style=\"height:20px\" aria-hidden=\"true\" class=\"wp-block-spacer\"><\/div>\n\n\n\n<div style=\"height:20px\" aria-hidden=\"true\" class=\"wp-block-spacer\"><\/div>\n\n\n\n<h3 class=\"has-text-align-center\">Benventui a bordo!<\/h3>\n\n\n\n<div style=\"height:50px\" aria-hidden=\"true\" class=\"wp-block-spacer\"><\/div>\n\n\n\n<hr class=\"wp-block-separator has-alpha-channel-opacity is-style-default\"\/>\n\n\n\n<div style=\"height:100px\" aria-hidden=\"true\" class=\"wp-block-spacer\"><\/div>\n\n\n\n<div class=\"wp-block-media-text alignwide is-stacked-on-mobile wide-width-block has-primary-background-color has-background\" style=\"grid-template-columns:59% auto\"><figure class=\"wp-block-media-text__media\"><img decoding=\"async\" loading=\"lazy\" width=\"950\" height=\"450\" src=\"https:\/\/www.woertherseeschifffahrt.at\/wp-content\/uploads\/2019\/03\/fruehstueck-am-schiff.jpg\" alt=\"\" class=\"wp-image-321 size-full\" srcset=\"https:\/\/backup.woertherseeschifffahrt.at\/wp-content\/uploads\/2019\/03\/fruehstueck-am-schiff.jpg 950w, https:\/\/backup.woertherseeschifffahrt.at\/wp-content\/uploads\/2019\/03\/fruehstueck-am-schiff-300x142.jpg 300w, https:\/\/backup.woertherseeschifffahrt.at\/wp-content\/uploads\/2019\/03\/fruehstueck-am-schiff-768x364.jpg 768w, https:\/\/backup.woertherseeschifffahrt.at\/wp-content\/uploads\/2019\/03\/fruehstueck-am-schiff-640x303.jpg 640w\" sizes=\"(max-width: 639px) 98vw, (max-width: 1199px) 64vw, 770px\" \/><\/figure><div class=\"wp-block-media-text__content\">\n<h2>Regalo perfetto &#8211; Buono regalo per la colazione<\/h2>\n\n\n\n<h3>incl. biglietto giornaliero<\/h3>\n\n\n\n<p>Godetevi una colazione giornaliera a vostra scelta sulle nostre fodere. Vi viziamo a bordo con caff\u00e8 appena tostato, succhi di frutta rinfrescanti e un abbondante piatto per la colazione.<\/p>\n\n\n\n<p>Scopri le nostre opzioni per la colazione e inizia la giornata con una ricca colazione sulle nostre navi!<\/p>\n\n\n\n<div class=\"wp-block-button alignleft\"><a class=\"wp-block-button__link wp-element-button\" href=\"https:\/\/wsg-gutschein.palisis.com\/?offer-direct=r-4921&amp;locale=en\">acquista ora!<\/a><\/div>\n\n\n<\/div><\/div>\n\n\n\n<div style=\"height:100px\" aria-hidden=\"true\" class=\"wp-block-spacer\"><\/div>\n\n\n\n<div class=\"is-layout-flex wp-container-4 wp-block-columns has-3-columns button-cols\">\n<div class=\"is-layout-flow wp-block-column\">\n<p><\/p>\n<\/div>\n\n\n\n<div class=\"is-layout-flow wp-block-column\"><\/div>\n\n\n\n<div class=\"is-layout-flow wp-block-column\">\n<p><\/p>\n<\/div>\n<\/div>\n\n\n\n<div style=\"height:100px\" aria-hidden=\"true\" class=\"wp-block-spacer\"><\/div>\n\n\n\t\t<section class=\"wp-block-pp-blocks-featured-section featured-post-type-ships\">\n\t\t\t<header class=\"featured-section-header\">\n\t\t\t\t<h2>Le nostre navi<\/h2>\n\t\t\t\t<h3><\/h3>\n\t\t\t<\/header>\n\n\n            \t\t\t\t\t\t\t<div id=\"featured-posts-slider-ships-6\" class=\"featured-posts show-as-slider item-3\">\n\t\t\t\t\t            <article class=\"pp-featured-post post-type-ships slide\">\r\n            <header class=\"featured-post-header\">\r\n                                <div class=\"thumb-container\" style=\"background-image: url(https:\/\/backup.woertherseeschifffahrt.at\/wp-content\/uploads\/2020\/04\/KRIVO200808_WSG-SCHIFFE-FINAL_155-1024x576.jpg);\">\r\n                    <img decoding=\"async\" src=\"https:\/\/backup.woertherseeschifffahrt.at\/wp-content\/uploads\/2020\/04\/KRIVO200808_WSG-SCHIFFE-FINAL_155-1024x576.jpg\">\r\n                <\/div>\r\n            <\/header>\r\n\r\n            \r\n            <div class=\"article-content\">\r\n                <div class=\"title-container\">\r\n                    <span class=\"h3\">MS K\u00e4rnten<\/span><br>\r\n                    <span class=\"h4\">La barca dei sogni del W\u00f6rthersee<\/span>\r\n                <\/div>\r\n\r\n                <div class=\"excerpt-container\">\r\n                    La nave a motore \u201cK\u00e4rnten\u201d, sorella della nave a motore \u201cKlagenfurt\u201d, fu messa in acqua per la prima volta nel 1974 e nel 1993 l\u2019arredamento interno venne completamente rifatto. Nel 2011 la MS \u201cK\u00e4rnten\u201d \u00e8 stata rialzata e ancora una&#8230;                <\/div>\r\n\r\n                <div class=\"read-on-link-container text-center\">\r\n                    <a class=\"button\" href=\"https:\/\/backup.woertherseeschifffahrt.at\/it\/navi\/ms-kaernten\/\" title=\"Leggi tutto\">\r\n                        Leggi tutto                    <\/a>\r\n                <\/div>\r\n            <\/div>\r\n        <\/article>\r\n            <article class=\"pp-featured-post post-type-ships slide\">\r\n            <header class=\"featured-post-header\">\r\n                                <div class=\"thumb-container\" style=\"background-image: url(https:\/\/backup.woertherseeschifffahrt.at\/wp-content\/uploads\/2020\/04\/KRIVO200808_WSG-SCHIFFE-FINAL_054-1024x576.jpg);\">\r\n                    <img decoding=\"async\" src=\"https:\/\/backup.woertherseeschifffahrt.at\/wp-content\/uploads\/2020\/04\/KRIVO200808_WSG-SCHIFFE-FINAL_054-1024x576.jpg\">\r\n                <\/div>\r\n            <\/header>\r\n\r\n            \r\n            <div class=\"article-content\">\r\n                <div class=\"title-container\">\r\n                    <span class=\"h3\">DS Thalia<\/span><br>\r\n                    <span class=\"h4\">L&#8217;ultima nave a elica a vapore in Austria<\/span>\r\n                <\/div>\r\n\r\n                <div class=\"excerpt-container\">\r\n                    Costruita nel 1909 e messa fuori servizio dalla rottura di un albero nel 1974. Dopo essere stata sottoposta a diversi lavori di restauro, il 2 luglio 1988 ha avuto luogo il varo della sua seconda traversata inaugurale. La \u201cThalia\u201d, la&#8230;                <\/div>\r\n\r\n                <div class=\"read-on-link-container text-center\">\r\n                    <a class=\"button\" href=\"https:\/\/backup.woertherseeschifffahrt.at\/it\/navi\/ds-thalia\/\" title=\"Leggi tutto\">\r\n                        Leggi tutto                    <\/a>\r\n                <\/div>\r\n            <\/div>\r\n        <\/article>\r\n            <article class=\"pp-featured-post post-type-ships slide\">\r\n            <header class=\"featured-post-header\">\r\n                                <div class=\"thumb-container\" style=\"background-image: url(https:\/\/backup.woertherseeschifffahrt.at\/wp-content\/uploads\/2019\/03\/MS-Klagenfurt-\u00a9Wolfgang-Handler-20-1024x683.jpg);\">\r\n                    <img decoding=\"async\" src=\"https:\/\/backup.woertherseeschifffahrt.at\/wp-content\/uploads\/2019\/03\/MS-Klagenfurt-\u00a9Wolfgang-Handler-20-1024x683.jpg\">\r\n                <\/div>\r\n            <\/header>\r\n\r\n            \r\n            <div class=\"article-content\">\r\n                <div class=\"title-container\">\r\n                    <span class=\"h3\">MS Klagenfurt<\/span><br>\r\n                    <span class=\"h4\">La nave partito ed evento sul lago W\u00f6rthersee<\/span>\r\n                <\/div>\r\n\r\n                <div class=\"excerpt-container\">\r\n                    La nave a motore \u201cKlagenfurt\u201d, costruita nel 1971, nel 1988 fu sottoposta a rifacimento da prua a poppa. Nel 2011 gli interni della MS \u201cKlagenfurt\u201d sono stati rifatti in modo da renderla una barca in stile lounge, elegante e al&#8230;                <\/div>\r\n\r\n                <div class=\"read-on-link-container text-center\">\r\n                    <a class=\"button\" href=\"https:\/\/backup.woertherseeschifffahrt.at\/it\/navi\/ms-klagenfurt\/\" title=\"Leggi tutto\">\r\n                        Leggi tutto                    <\/a>\r\n                <\/div>\r\n            <\/div>\r\n        <\/article>\r\n            <article class=\"pp-featured-post post-type-ships slide\">\r\n            <header class=\"featured-post-header\">\r\n                                <div class=\"thumb-container\" style=\"background-image: url(https:\/\/backup.woertherseeschifffahrt.at\/wp-content\/uploads\/2020\/04\/KRIVO200808_WSG-SCHIFFE-FINAL_164-1024x576.jpg);\">\r\n                    <img decoding=\"async\" src=\"https:\/\/backup.woertherseeschifffahrt.at\/wp-content\/uploads\/2020\/04\/KRIVO200808_WSG-SCHIFFE-FINAL_164-1024x576.jpg\">\r\n                <\/div>\r\n            <\/header>\r\n\r\n            \r\n            <div class=\"article-content\">\r\n                <div class=\"title-container\">\r\n                    <span class=\"h3\">MS Velden<\/span><br>\r\n                    <span class=\"h4\">La nave perfetta per matrimoni e festeggiamenti con un massimo di 45 invitati!<\/span>\r\n                <\/div>\r\n\r\n                <div class=\"excerpt-container\">\r\n                    La nave a motore \u201cVelden\u201d, messa in servizio nel 1966, nel 1989 venne completamente rifatta e portata al passo con i tempi. Dal 2010 la MS \u201cVelden\u201d sfoggia un nuovo abito e anche l\u2019arredamento interno \u00e8 stato adeguato alla modernit\u00e0&#8230;.                <\/div>\r\n\r\n                <div class=\"read-on-link-container text-center\">\r\n                    <a class=\"button\" href=\"https:\/\/backup.woertherseeschifffahrt.at\/it\/navi\/ms-velden\/\" title=\"Leggi tutto\">\r\n                        Leggi tutto                    <\/a>\r\n                <\/div>\r\n            <\/div>\r\n        <\/article>\r\n    \t\t\t\t<\/div>\n\t\t\t\n\n                            <script type=\"text\/javascript\">\n                    (function(){\n                        setTimeout(function(){\n                            $slider = $('#featured-posts-slider-ships-6').slick({\n                                slidesToShow: 3,\n                                arrows: true,\n                                responsive: [\n                                    {\n                                        breakpoint: 640,\n                                        settings: {\n                                            slidesToShow: 1,\n                                            arrows: true\n                                        }\n                                    },\n                                    {\n                                        breakpoint: 1024,\n                                        settings: {\n                                            slidesToShow: 2,\n                                            arrows: true\n                                        }\n                                    },\n                                    {\n                                        breakpoint: 1200,\n                                        settings: {\n                                            slidesToShow: 3,\n                                            arrows: true\n                                        }\n                                    }\n                                ]\n                            });\n                        }, 500);\n                    })(jQuery)\n                <\/script>\n            \t\t<\/section>\n\t\t\n\n\n<p><\/p>\n\n\n\n<div id=\"wp3d-2163\"><a href=\"https:\/\/www.vivis3d.at\/virtuelle-tour\/woerthersee- schifffahrt\/fullscreen\/?embedded\">LOADING &#8211; W\u00f6rthersee Schifffahrt<\/a><script src=\"\/\/s3-us-west-2.amazonaws.com\/wp3dmodels\/js\/embed-iframe.js?id=wp3d-2163\"><\/script><\/div>\n","protected":false},"excerpt":{"rendered":"<p>Escursioni in Barca Sul lago W\u00f6rthersee Benventui a bordo! LOADING &#8211; W\u00f6rthersee Schifffahrt<\/p>\n","protected":false},"author":12,"featured_media":0,"parent":0,"menu_order":0,"comment_status":"closed","ping_status":"closed","template":"page-templates\/front.php","meta":[],"acf":[],"yoast_head":"<!-- This site is optimized with the Yoast SEO plugin v20.12 - https:\/\/yoast.com\/wordpress\/plugins\/seo\/ -->\n<title>Home - W\u00f6rthersee Schifffahrt<\/title>\n<meta name=\"robots\" content=\"index, follow, max-snippet:-1, max-image-preview:large, max-video-preview:-1\" \/>\n<link rel=\"canonical\" href=\"https:\/\/backup.woertherseeschifffahrt.at\/it\/\" \/>\n<meta property=\"og:locale\" content=\"it_IT\" \/>\n<meta property=\"og:type\" content=\"article\" \/>\n<meta property=\"og:title\" content=\"Home - W\u00f6rthersee Schifffahrt\" \/>\n<meta property=\"og:description\" content=\"Escursioni in Barca Sul lago W\u00f6rthersee Benventui a bordo! LOADING &#8211; W\u00f6rthersee Schifffahrt\" \/>\n<meta property=\"og:url\" content=\"https:\/\/backup.woertherseeschifffahrt.at\/it\/\" \/>\n<meta property=\"og:site_name\" content=\"W\u00f6rthersee Schifffahrt\" \/>\n<meta property=\"article:publisher\" content=\"https:\/\/www.facebook.com\/woerthersee.schiffahrt\" \/>\n<meta property=\"article:modified_time\" content=\"2024-01-08T07:42:43+00:00\" \/>\n<meta property=\"og:image\" content=\"https:\/\/www.woertherseeschifffahrt.at\/wp-content\/uploads\/2019\/03\/fruehstueck-am-schiff.jpg\" \/>\n<meta name=\"twitter:card\" content=\"summary_large_image\" \/>\n<script type=\"application\/ld+json\" class=\"yoast-schema-graph\">{\"@context\":\"https:\/\/schema.org\",\"@graph\":[{\"@type\":\"WebPage\",\"@id\":\"https:\/\/backup.woertherseeschifffahrt.at\/it\/\",\"url\":\"https:\/\/backup.woertherseeschifffahrt.at\/it\/\",\"name\":\"Home - W\u00f6rthersee Schifffahrt\",\"isPartOf\":{\"@id\":\"https:\/\/backup.woertherseeschifffahrt.at\/#website\"},\"datePublished\":\"2019-04-01T09:01:03+00:00\",\"dateModified\":\"2024-01-08T07:42:43+00:00\",\"breadcrumb\":{\"@id\":\"https:\/\/backup.woertherseeschifffahrt.at\/it\/#breadcrumb\"},\"inLanguage\":\"it-IT\",\"potentialAction\":[{\"@type\":\"ReadAction\",\"target\":[\"https:\/\/backup.woertherseeschifffahrt.at\/it\/\"]}]},{\"@type\":\"BreadcrumbList\",\"@id\":\"https:\/\/backup.woertherseeschifffahrt.at\/it\/#breadcrumb\",\"itemListElement\":[{\"@type\":\"ListItem\",\"position\":1,\"name\":\"Startseite\",\"item\":\"https:\/\/backup.woertherseeschifffahrt.at\/it\/\"},{\"@type\":\"ListItem\",\"position\":2,\"name\":\"Home\"}]},{\"@type\":\"WebSite\",\"@id\":\"https:\/\/backup.woertherseeschifffahrt.at\/#website\",\"url\":\"https:\/\/backup.woertherseeschifffahrt.at\/\",\"name\":\"W\u00f6rthersee Schifffahrt\",\"description\":\"Eine weitere WordPress-Website\",\"potentialAction\":[{\"@type\":\"SearchAction\",\"target\":{\"@type\":\"EntryPoint\",\"urlTemplate\":\"https:\/\/backup.woertherseeschifffahrt.at\/?s={search_term_string}\"},\"query-input\":\"required name=search_term_string\"}],\"inLanguage\":\"it-IT\"}]}<\/script>\n<!-- \/ Yoast SEO plugin. -->","yoast_head_json":{"title":"Home - W\u00f6rthersee Schifffahrt","robots":{"index":"index","follow":"follow","max-snippet":"max-snippet:-1","max-image-preview":"max-image-preview:large","max-video-preview":"max-video-preview:-1"},"canonical":"https:\/\/backup.woertherseeschifffahrt.at\/it\/","og_locale":"it_IT","og_type":"article","og_title":"Home - W\u00f6rthersee Schifffahrt","og_description":"Escursioni in Barca Sul lago W\u00f6rthersee Benventui a bordo! LOADING &#8211; W\u00f6rthersee Schifffahrt","og_url":"https:\/\/backup.woertherseeschifffahrt.at\/it\/","og_site_name":"W\u00f6rthersee Schifffahrt","article_publisher":"https:\/\/www.facebook.com\/woerthersee.schiffahrt","article_modified_time":"2024-01-08T07:42:43+00:00","og_image":[{"url":"https:\/\/www.woertherseeschifffahrt.at\/wp-content\/uploads\/2019\/03\/fruehstueck-am-schiff.jpg"}],"twitter_card":"summary_large_image","schema":{"@context":"https:\/\/schema.org","@graph":[{"@type":"WebPage","@id":"https:\/\/backup.woertherseeschifffahrt.at\/it\/","url":"https:\/\/backup.woertherseeschifffahrt.at\/it\/","name":"Home - W\u00f6rthersee Schifffahrt","isPartOf":{"@id":"https:\/\/backup.woertherseeschifffahrt.at\/#website"},"datePublished":"2019-04-01T09:01:03+00:00","dateModified":"2024-01-08T07:42:43+00:00","breadcrumb":{"@id":"https:\/\/backup.woertherseeschifffahrt.at\/it\/#breadcrumb"},"inLanguage":"it-IT","potentialAction":[{"@type":"ReadAction","target":["https:\/\/backup.woertherseeschifffahrt.at\/it\/"]}]},{"@type":"BreadcrumbList","@id":"https:\/\/backup.woertherseeschifffahrt.at\/it\/#breadcrumb","itemListElement":[{"@type":"ListItem","position":1,"name":"Startseite","item":"https:\/\/backup.woertherseeschifffahrt.at\/it\/"},{"@type":"ListItem","position":2,"name":"Home"}]},{"@type":"WebSite","@id":"https:\/\/backup.woertherseeschifffahrt.at\/#website","url":"https:\/\/backup.woertherseeschifffahrt.at\/","name":"W\u00f6rthersee Schifffahrt","description":"Eine weitere WordPress-Website","potentialAction":[{"@type":"SearchAction","target":{"@type":"EntryPoint","urlTemplate":"https:\/\/backup.woertherseeschifffahrt.at\/?s={search_term_string}"},"query-input":"required name=search_term_string"}],"inLanguage":"it-IT"}]}},"_links":{"self":[{"href":"https:\/\/backup.woertherseeschifffahrt.at\/it\/wp-json\/wp\/v2\/pages\/1652"}],"collection":[{"href":"https:\/\/backup.woertherseeschifffahrt.at\/it\/wp-json\/wp\/v2\/pages"}],"about":[{"href":"https:\/\/backup.woertherseeschifffahrt.at\/it\/wp-json\/wp\/v2\/types\/page"}],"author":[{"embeddable":true,"href":"https:\/\/backup.woertherseeschifffahrt.at\/it\/wp-json\/wp\/v2\/users\/12"}],"replies":[{"embeddable":true,"href":"https:\/\/backup.woertherseeschifffahrt.at\/it\/wp-json\/wp\/v2\/comments?post=1652"}],"version-history":[{"count":10,"href":"https:\/\/backup.woertherseeschifffahrt.at\/it\/wp-json\/wp\/v2\/pages\/1652\/revisions"}],"predecessor-version":[{"id":15710,"href":"https:\/\/backup.woertherseeschifffahrt.at\/it\/wp-json\/wp\/v2\/pages\/1652\/revisions\/15710"}],"wp:attachment":[{"href":"https:\/\/backup.woertherseeschifffahrt.at\/it\/wp-json\/wp\/v2\/media?parent=1652"}],"curies":[{"name":"wp","href":"https:\/\/api.w.org\/{rel}","templated":true}]}}