{"id":10922,"date":"2021-05-29T11:43:20","date_gmt":"2021-05-29T09:43:20","guid":{"rendered":"https:\/\/www.woertherseeschifffahrt.at\/?page_id=10922"},"modified":"2023-02-23T10:13:28","modified_gmt":"2023-02-23T09:13:28","slug":"podarite-zajtrk","status":"publish","type":"page","link":"https:\/\/backup.woertherseeschifffahrt.at\/sl\/zajtrk\/podarite-zajtrk\/","title":{"rendered":"Podarite zajtrk"},"content":{"rendered":"\n<p><\/p>\n\n\n\n<h3 class=\"has-text-align-center\">TUDI V LETU 2023 VAM RADE VOLJE PONUDIMO NA\u0160 ZAJTRK NA KROVU.<\/h3>\n\n\n\n<p class=\"has-text-align-center\"><br>DARILNE VSTOPNICE ZA ZAJTRK, PLOVBO PO VRBSKEM JEZERU<br>ALI VSTOPNICE ZA TOP 3 NA KORO\u0160KEM LAHKO MEDTEM<br>DOBITE V NA\u0160I PRODAJALNI IN Z NJIMI PRESENETITE SVOJE NAJDRA\u017dJE.<br><\/p>\n\n\n\n<iframe id=\"CrossDomainiframeId\" class=\"ticket-iframe\" src=\"https:\/\/wsg-gutschein.palisis.com\/?offer-direct=r-3629&#038;locale=en\"><\/iframe>\n\n\n\n<div style=\"height:100px\" aria-hidden=\"true\" class=\"wp-block-spacer\"><\/div>\n\n\n\n<p class=\"has-text-align-center\"><em><em>Rezervacije zajtrka sprejemamo predhodni dan najkasneje do 16:00. (\u010ce so prosta mesta.) Potrditev rezervacije prejmete po e-po\u0161ti. Rezervacija je veljavna samo s prejetjem potrditve.<\/em><\/em><\/p>\n","protected":false},"excerpt":{"rendered":"<p>TUDI V LETU 2023 VAM RADE VOLJE PONUDIMO NA\u0160 ZAJTRK NA KROVU. DARILNE VSTOPNICE ZA ZAJTRK, PLOVBO PO VRBSKEM JEZERUALI VSTOPNICE ZA TOP 3 NA KORO\u0160KEM LAHKO MEDTEMDOBITE V NA\u0160I PRODAJALNI IN Z NJIMI PRESENETITE SVOJE NAJDRA\u017dJE. Rezervacije zajtrka sprejemamo&#8230;<\/p>\n","protected":false},"author":12,"featured_media":0,"parent":10894,"menu_order":0,"comment_status":"closed","ping_status":"closed","template":"page-templates\/page-less-width.php","meta":[],"acf":[],"yoast_head":"<!-- This site is optimized with the Yoast SEO plugin v20.12 - https:\/\/yoast.com\/wordpress\/plugins\/seo\/ -->\n<title>Podarite zajtrk - W\u00f6rthersee Schifffahrt<\/title>\n<meta name=\"robots\" content=\"index, follow, max-snippet:-1, max-image-preview:large, max-video-preview:-1\" \/>\n<link rel=\"canonical\" href=\"https:\/\/backup.woertherseeschifffahrt.at\/sl\/zajtrk\/podarite-zajtrk\/\" \/>\n<meta property=\"og:locale\" content=\"sl_SI\" \/>\n<meta property=\"og:type\" content=\"article\" \/>\n<meta property=\"og:title\" content=\"Podarite zajtrk - W\u00f6rthersee Schifffahrt\" \/>\n<meta property=\"og:description\" content=\"TUDI V LETU 2023 VAM RADE VOLJE PONUDIMO NA\u0160 ZAJTRK NA KROVU. DARILNE VSTOPNICE ZA ZAJTRK, PLOVBO PO VRBSKEM JEZERUALI VSTOPNICE ZA TOP 3 NA KORO\u0160KEM LAHKO MEDTEMDOBITE V NA\u0160I PRODAJALNI IN Z NJIMI PRESENETITE SVOJE NAJDRA\u017dJE. Rezervacije zajtrka sprejemamo...\" \/>\n<meta property=\"og:url\" content=\"https:\/\/backup.woertherseeschifffahrt.at\/sl\/zajtrk\/podarite-zajtrk\/\" \/>\n<meta property=\"og:site_name\" content=\"W\u00f6rthersee Schifffahrt\" \/>\n<meta property=\"article:publisher\" content=\"https:\/\/www.facebook.com\/woerthersee.schiffahrt\" \/>\n<meta property=\"article:modified_time\" content=\"2023-02-23T09:13:28+00:00\" \/>\n<meta property=\"og:image\" content=\"https:\/\/backup.woertherseeschifffahrt.at\/wp-content\/uploads\/2019\/03\/MS-Klagenfurt-\u00a9Wolfgang-Handler-22-1024x683.jpg\" \/>\n\t<meta property=\"og:image:width\" content=\"1024\" \/>\n\t<meta property=\"og:image:height\" content=\"683\" \/>\n\t<meta property=\"og:image:type\" content=\"image\/jpeg\" \/>\n<meta name=\"twitter:card\" content=\"summary_large_image\" \/>\n<meta name=\"twitter:label1\" content=\"Est. reading time\" \/>\n\t<meta name=\"twitter:data1\" content=\"1 minuta\" \/>\n<script type=\"application\/ld+json\" class=\"yoast-schema-graph\">{\"@context\":\"https:\/\/schema.org\",\"@graph\":[{\"@type\":\"WebPage\",\"@id\":\"https:\/\/backup.woertherseeschifffahrt.at\/sl\/zajtrk\/podarite-zajtrk\/\",\"url\":\"https:\/\/backup.woertherseeschifffahrt.at\/sl\/zajtrk\/podarite-zajtrk\/\",\"name\":\"Podarite zajtrk - W\u00f6rthersee Schifffahrt\",\"isPartOf\":{\"@id\":\"https:\/\/backup.woertherseeschifffahrt.at\/#website\"},\"datePublished\":\"2021-05-29T09:43:20+00:00\",\"dateModified\":\"2023-02-23T09:13:28+00:00\",\"breadcrumb\":{\"@id\":\"https:\/\/backup.woertherseeschifffahrt.at\/sl\/zajtrk\/podarite-zajtrk\/#breadcrumb\"},\"inLanguage\":\"sl-SI\",\"potentialAction\":[{\"@type\":\"ReadAction\",\"target\":[\"https:\/\/backup.woertherseeschifffahrt.at\/sl\/zajtrk\/podarite-zajtrk\/\"]}]},{\"@type\":\"BreadcrumbList\",\"@id\":\"https:\/\/backup.woertherseeschifffahrt.at\/sl\/zajtrk\/podarite-zajtrk\/#breadcrumb\",\"itemListElement\":[{\"@type\":\"ListItem\",\"position\":1,\"name\":\"Startseite\",\"item\":\"https:\/\/backup.woertherseeschifffahrt.at\/sl\/\"},{\"@type\":\"ListItem\",\"position\":2,\"name\":\"Zajtrk\",\"item\":\"https:\/\/backup.woertherseeschifffahrt.at\/sl\/zajtrk\/\"},{\"@type\":\"ListItem\",\"position\":3,\"name\":\"Podarite zajtrk\"}]},{\"@type\":\"WebSite\",\"@id\":\"https:\/\/backup.woertherseeschifffahrt.at\/#website\",\"url\":\"https:\/\/backup.woertherseeschifffahrt.at\/\",\"name\":\"W\u00f6rthersee Schifffahrt\",\"description\":\"Eine weitere WordPress-Website\",\"potentialAction\":[{\"@type\":\"SearchAction\",\"target\":{\"@type\":\"EntryPoint\",\"urlTemplate\":\"https:\/\/backup.woertherseeschifffahrt.at\/?s={search_term_string}\"},\"query-input\":\"required name=search_term_string\"}],\"inLanguage\":\"sl-SI\"}]}<\/script>\n<!-- \/ Yoast SEO plugin. -->","yoast_head_json":{"title":"Podarite zajtrk - W\u00f6rthersee Schifffahrt","robots":{"index":"index","follow":"follow","max-snippet":"max-snippet:-1","max-image-preview":"max-image-preview:large","max-video-preview":"max-video-preview:-1"},"canonical":"https:\/\/backup.woertherseeschifffahrt.at\/sl\/zajtrk\/podarite-zajtrk\/","og_locale":"sl_SI","og_type":"article","og_title":"Podarite zajtrk - W\u00f6rthersee Schifffahrt","og_description":"TUDI V LETU 2023 VAM RADE VOLJE PONUDIMO NA\u0160 ZAJTRK NA KROVU. DARILNE VSTOPNICE ZA ZAJTRK, PLOVBO PO VRBSKEM JEZERUALI VSTOPNICE ZA TOP 3 NA KORO\u0160KEM LAHKO MEDTEMDOBITE V NA\u0160I PRODAJALNI IN Z NJIMI PRESENETITE SVOJE NAJDRA\u017dJE. Rezervacije zajtrka sprejemamo...","og_url":"https:\/\/backup.woertherseeschifffahrt.at\/sl\/zajtrk\/podarite-zajtrk\/","og_site_name":"W\u00f6rthersee Schifffahrt","article_publisher":"https:\/\/www.facebook.com\/woerthersee.schiffahrt","article_modified_time":"2023-02-23T09:13:28+00:00","og_image":[{"width":1024,"height":683,"url":"https:\/\/backup.woertherseeschifffahrt.at\/wp-content\/uploads\/2019\/03\/MS-Klagenfurt-\u00a9Wolfgang-Handler-22-1024x683.jpg","type":"image\/jpeg"}],"twitter_card":"summary_large_image","twitter_misc":{"Est. reading time":"1 minuta"},"schema":{"@context":"https:\/\/schema.org","@graph":[{"@type":"WebPage","@id":"https:\/\/backup.woertherseeschifffahrt.at\/sl\/zajtrk\/podarite-zajtrk\/","url":"https:\/\/backup.woertherseeschifffahrt.at\/sl\/zajtrk\/podarite-zajtrk\/","name":"Podarite zajtrk - W\u00f6rthersee Schifffahrt","isPartOf":{"@id":"https:\/\/backup.woertherseeschifffahrt.at\/#website"},"datePublished":"2021-05-29T09:43:20+00:00","dateModified":"2023-02-23T09:13:28+00:00","breadcrumb":{"@id":"https:\/\/backup.woertherseeschifffahrt.at\/sl\/zajtrk\/podarite-zajtrk\/#breadcrumb"},"inLanguage":"sl-SI","potentialAction":[{"@type":"ReadAction","target":["https:\/\/backup.woertherseeschifffahrt.at\/sl\/zajtrk\/podarite-zajtrk\/"]}]},{"@type":"BreadcrumbList","@id":"https:\/\/backup.woertherseeschifffahrt.at\/sl\/zajtrk\/podarite-zajtrk\/#breadcrumb","itemListElement":[{"@type":"ListItem","position":1,"name":"Startseite","item":"https:\/\/backup.woertherseeschifffahrt.at\/sl\/"},{"@type":"ListItem","position":2,"name":"Zajtrk","item":"https:\/\/backup.woertherseeschifffahrt.at\/sl\/zajtrk\/"},{"@type":"ListItem","position":3,"name":"Podarite zajtrk"}]},{"@type":"WebSite","@id":"https:\/\/backup.woertherseeschifffahrt.at\/#website","url":"https:\/\/backup.woertherseeschifffahrt.at\/","name":"W\u00f6rthersee Schifffahrt","description":"Eine weitere WordPress-Website","potentialAction":[{"@type":"SearchAction","target":{"@type":"EntryPoint","urlTemplate":"https:\/\/backup.woertherseeschifffahrt.at\/?s={search_term_string}"},"query-input":"required name=search_term_string"}],"inLanguage":"sl-SI"}]}},"_links":{"self":[{"href":"https:\/\/backup.woertherseeschifffahrt.at\/sl\/wp-json\/wp\/v2\/pages\/10922"}],"collection":[{"href":"https:\/\/backup.woertherseeschifffahrt.at\/sl\/wp-json\/wp\/v2\/pages"}],"about":[{"href":"https:\/\/backup.woertherseeschifffahrt.at\/sl\/wp-json\/wp\/v2\/types\/page"}],"author":[{"embeddable":true,"href":"https:\/\/backup.woertherseeschifffahrt.at\/sl\/wp-json\/wp\/v2\/users\/12"}],"replies":[{"embeddable":true,"href":"https:\/\/backup.woertherseeschifffahrt.at\/sl\/wp-json\/wp\/v2\/comments?post=10922"}],"version-history":[{"count":9,"href":"https:\/\/backup.woertherseeschifffahrt.at\/sl\/wp-json\/wp\/v2\/pages\/10922\/revisions"}],"predecessor-version":[{"id":14309,"href":"https:\/\/backup.woertherseeschifffahrt.at\/sl\/wp-json\/wp\/v2\/pages\/10922\/revisions\/14309"}],"up":[{"embeddable":true,"href":"https:\/\/backup.woertherseeschifffahrt.at\/sl\/wp-json\/wp\/v2\/pages\/10894"}],"wp:attachment":[{"href":"https:\/\/backup.woertherseeschifffahrt.at\/sl\/wp-json\/wp\/v2\/media?parent=10922"}],"curies":[{"name":"wp","href":"https:\/\/api.w.org\/{rel}","templated":true}]}}